{"id":948,"date":"2021-07-22T17:03:02","date_gmt":"2021-07-22T17:03:02","guid":{"rendered":"https:\/\/sexualassaulthelp.org\/que-es-la-agresion-sexual\/"},"modified":"2021-08-26T18:22:44","modified_gmt":"2021-08-26T18:22:44","slug":"que-es-la-agresion-sexual","status":"publish","type":"page","link":"https:\/\/sexualassaulthelp.org\/es\/que-es-la-agresion-sexual\/","title":{"rendered":"\u00bfQu\u00e9 es la agresi\u00f3n sexual?"},"content":{"rendered":"\n\n\t<h1>\n\t\t\t\t\t\u00bfQu\u00e9 es la agresi\u00f3n sexual?\n\t\t\t\t<\/h1>\n\t\t\t\t<img data-recalc-dims=\"1\" decoding=\"async\" src=\"https:\/\/i0.wp.com\/sexualassaulthelp.org\/wp-content\/uploads\/2020\/03\/iStock-1158194709.jpg?ssl=1\" alt=\"Teenage Boy. Who can report a sexual assault\" itemprop=\"image\"\/>\n\t<p>El t\u00e9rmino agresi\u00f3n sexual se refiere al contacto o comportamiento sexual que ocurre sin su consentimiento otorgado libremente. El consentimiento en este caso significa aceptar activamente participar en la actividad sexual. Si no dio su consentimiento o no pudo dar su consentimiento porque estaba durmiendo, bajo la influencia de drogas o alcohol, debido a una discapacidad u otra raz\u00f3n, podr\u00eda haber sido agredida\/o sexualmente. La agresi\u00f3n sexual puede ocurrir entre extra\u00f1os, pero tambi\u00e9n puede ocurrir en matrimonios, relaciones de pareja y cualquier otro tipo de relaci\u00f3n \u00edntima.<\/p>\n\n\t<ul>\n<li>Intento de violaci\u00f3n<\/li>\n<li>Acariciamientos o toques sexuales no deseados<\/li>\n<li>Obligarlo a realizar actos sexuales, como sexo oral o penetrar el cuerpo del perpetrador<\/li>\n<li>Penetraci\u00f3n de su cuerpo, tambi\u00e9n conocida como violaci\u00f3n<\/li>\n<\/ul>\n\t\t\t<a href=\"https:\/\/www.rainn.org\/articles\/asalto-sexual\" target=\"_blank\" role=\"button\" rel=\"noopener\">\n\t\t\t\t\t\tAPRENDE M\u00c1S\n\t\t<\/a>\n\t<h2>\n\t\t\t\t\t\u00bfCu\u00e1les son mis opciones de informes? \n\t\t\t\t<\/h2>\n\t\t\t<p>Hay TRES formas de informar.<\/p>\n\t\t\t<a href=\"https:\/\/sexualassaulthelp.org\/es\/opciones-de-informes\/\" target=\"_self\" role=\"button\" rel=\"noopener\">\n\t\t\t\t\t\tAPRENDE M\u00c1S\n\t\t<\/a>\n\n","protected":false},"excerpt":{"rendered":"<p>\u00bfQu\u00e9 es la agresi\u00f3n sexual? El t\u00e9rmino agresi\u00f3n sexual se refiere al contacto o comportamiento sexual que ocurre sin su consentimiento otorgado libremente. El consentimiento en este caso significa aceptar activamente participar en la actividad sexual. Si no dio su consentimiento o no pudo dar su consentimiento porque estaba durmiendo, bajo la influencia de drogas [&hellip;]<\/p>\n","protected":false},"author":175697080,"featured_media":0,"parent":0,"menu_order":0,"comment_status":"closed","ping_status":"closed","template":"","meta":{"_coblocks_attr":"","_coblocks_dimensions":"","_coblocks_responsive_height":"","_coblocks_accordion_ie_support":"","_monsterinsights_skip_tracking":false,"_monsterinsights_sitenote_active":false,"_monsterinsights_sitenote_note":"","_monsterinsights_sitenote_category":0,"site-sidebar-layout":"no-sidebar","site-content-layout":"page-builder","ast-site-content-layout":"","site-content-style":"default","site-sidebar-style":"default","ast-global-header-display":"","ast-banner-title-visibility":"","ast-main-header-display":"","ast-hfb-above-header-display":"","ast-hfb-below-header-display":"","ast-hfb-mobile-header-display":"","site-post-title":"disabled","ast-breadcrumbs-content":"","ast-featured-img":"disabled","footer-sml-layout":"","theme-transparent-header-meta":"default","adv-header-id-meta":"","stick-header-meta":"","header-above-stick-meta":"","header-main-stick-meta":"","header-below-stick-meta":"","astra-migrate-meta-layouts":"default","ast-page-background-enabled":"default","ast-page-background-meta":{"desktop":{"background-color":"","background-image":"","background-repeat":"repeat","background-position":"center center","background-size":"auto","background-attachment":"scroll","background-type":"","background-media":"","overlay-type":"","overlay-color":"","overlay-gradient":""},"tablet":{"background-color":"","background-image":"","background-repeat":"repeat","background-position":"center center","background-size":"auto","background-attachment":"scroll","background-type":"","background-media":"","overlay-type":"","overlay-color":"","overlay-gradient":""},"mobile":{"background-color":"","background-image":"","background-repeat":"repeat","background-position":"center center","background-size":"auto","background-attachment":"scroll","background-type":"","background-media":"","overlay-type":"","overlay-color":"","overlay-gradient":""}},"ast-content-background-meta":{"desktop":{"background-color":"var(--ast-global-color-5)","background-image":"","background-repeat":"repeat","background-position":"center center","background-size":"auto","background-attachment":"scroll","background-type":"","background-media":"","overlay-type":"","overlay-color":"","overlay-gradient":""},"tablet":{"background-color":"var(--ast-global-color-5)","background-image":"","background-repeat":"repeat","background-position":"center center","background-size":"auto","background-attachment":"scroll","background-type":"","background-media":"","overlay-type":"","overlay-color":"","overlay-gradient":""},"mobile":{"background-color":"var(--ast-global-color-5)","background-image":"","background-repeat":"repeat","background-position":"center center","background-size":"auto","background-attachment":"scroll","background-type":"","background-media":"","overlay-type":"","overlay-color":"","overlay-gradient":""}},"footnotes":""},"class_list":["post-948","page","type-page","status-publish","hentry"],"yoast_head":"<!-- This site is optimized with the Yoast SEO plugin v27.4 - https:\/\/yoast.com\/product\/yoast-seo-wordpress\/ -->\n<title>\u00bfQu\u00e9 es la agresi\u00f3n sexual? - Sexual Assault Help<\/title>\n<meta name=\"description\" content=\"\u00bfQu\u00e9 sigue despu\u00e9s de denunciar una agresi\u00f3n sexual? Si decide cambiar a un informe policial completo en un momento posterior, tiene algunas opciones diferentes.\" \/>\n<meta name=\"robots\" content=\"index, follow, max-snippet:-1, max-image-preview:large, max-video-preview:-1\" \/>\n<link rel=\"canonical\" href=\"https:\/\/sexualassaulthelp.org\/es\/que-es-la-agresion-sexual\/\" \/>\n<meta property=\"og:locale\" content=\"es_ES\" \/>\n<meta property=\"og:type\" content=\"article\" \/>\n<meta property=\"og:title\" content=\"\u00bfQu\u00e9 es la agresi\u00f3n sexual? - Sexual Assault Help\" \/>\n<meta property=\"og:description\" content=\"\u00bfQu\u00e9 sigue despu\u00e9s de denunciar una agresi\u00f3n sexual? Si decide cambiar a un informe policial completo en un momento posterior, tiene algunas opciones diferentes.\" \/>\n<meta property=\"og:url\" content=\"https:\/\/sexualassaulthelp.org\/es\/que-es-la-agresion-sexual\/\" \/>\n<meta property=\"og:site_name\" content=\"Sexual Assault Help\" \/>\n<meta property=\"article:modified_time\" content=\"2021-08-26T18:22:44+00:00\" \/>\n<meta property=\"og:image\" content=\"https:\/\/sexualassaulthelp.org\/wp-content\/uploads\/2020\/03\/iStock-1158194709.jpg\" \/>\n<meta name=\"twitter:card\" content=\"summary_large_image\" \/>\n<script type=\"application\/ld+json\" class=\"yoast-schema-graph\">{\"@context\":\"https:\\\/\\\/schema.org\",\"@graph\":[{\"@type\":\"WebPage\",\"@id\":\"https:\\\/\\\/sexualassaulthelp.org\\\/es\\\/que-es-la-agresion-sexual\\\/\",\"url\":\"https:\\\/\\\/sexualassaulthelp.org\\\/es\\\/que-es-la-agresion-sexual\\\/\",\"name\":\"\u00bfQu\u00e9 es la agresi\u00f3n sexual? - Sexual Assault Help\",\"isPartOf\":{\"@id\":\"https:\\\/\\\/sexualassaulthelp.org\\\/#website\"},\"primaryImageOfPage\":{\"@id\":\"https:\\\/\\\/sexualassaulthelp.org\\\/es\\\/que-es-la-agresion-sexual\\\/#primaryimage\"},\"image\":{\"@id\":\"https:\\\/\\\/sexualassaulthelp.org\\\/es\\\/que-es-la-agresion-sexual\\\/#primaryimage\"},\"thumbnailUrl\":\"https:\\\/\\\/sexualassaulthelp.org\\\/wp-content\\\/uploads\\\/2020\\\/03\\\/iStock-1158194709.jpg\",\"datePublished\":\"2021-07-22T17:03:02+00:00\",\"dateModified\":\"2021-08-26T18:22:44+00:00\",\"description\":\"\u00bfQu\u00e9 sigue despu\u00e9s de denunciar una agresi\u00f3n sexual? Si decide cambiar a un informe policial completo en un momento posterior, tiene algunas opciones diferentes.\",\"breadcrumb\":{\"@id\":\"https:\\\/\\\/sexualassaulthelp.org\\\/es\\\/que-es-la-agresion-sexual\\\/#breadcrumb\"},\"inLanguage\":\"es\",\"potentialAction\":[{\"@type\":\"ReadAction\",\"target\":[\"https:\\\/\\\/sexualassaulthelp.org\\\/es\\\/que-es-la-agresion-sexual\\\/\"]}]},{\"@type\":\"ImageObject\",\"inLanguage\":\"es\",\"@id\":\"https:\\\/\\\/sexualassaulthelp.org\\\/es\\\/que-es-la-agresion-sexual\\\/#primaryimage\",\"url\":\"https:\\\/\\\/sexualassaulthelp.org\\\/wp-content\\\/uploads\\\/2020\\\/03\\\/iStock-1158194709.jpg\",\"contentUrl\":\"https:\\\/\\\/sexualassaulthelp.org\\\/wp-content\\\/uploads\\\/2020\\\/03\\\/iStock-1158194709.jpg\"},{\"@type\":\"BreadcrumbList\",\"@id\":\"https:\\\/\\\/sexualassaulthelp.org\\\/es\\\/que-es-la-agresion-sexual\\\/#breadcrumb\",\"itemListElement\":[{\"@type\":\"ListItem\",\"position\":1,\"name\":\"Home\",\"item\":\"https:\\\/\\\/sexualassaulthelp.org\\\/es\\\/\"},{\"@type\":\"ListItem\",\"position\":2,\"name\":\"\u00bfQu\u00e9 es la agresi\u00f3n sexual?\"}]},{\"@type\":\"WebSite\",\"@id\":\"https:\\\/\\\/sexualassaulthelp.org\\\/#website\",\"url\":\"https:\\\/\\\/sexualassaulthelp.org\\\/\",\"name\":\"Sexual Assault Help\",\"description\":\"\",\"publisher\":{\"@id\":\"https:\\\/\\\/sexualassaulthelp.org\\\/#organization\"},\"potentialAction\":[{\"@type\":\"SearchAction\",\"target\":{\"@type\":\"EntryPoint\",\"urlTemplate\":\"https:\\\/\\\/sexualassaulthelp.org\\\/?s={search_term_string}\"},\"query-input\":{\"@type\":\"PropertyValueSpecification\",\"valueRequired\":true,\"valueName\":\"search_term_string\"}}],\"inLanguage\":\"es\"},{\"@type\":\"Organization\",\"@id\":\"https:\\\/\\\/sexualassaulthelp.org\\\/#organization\",\"name\":\"Sexual Assault Help\",\"url\":\"https:\\\/\\\/sexualassaulthelp.org\\\/\",\"logo\":{\"@type\":\"ImageObject\",\"inLanguage\":\"es\",\"@id\":\"https:\\\/\\\/sexualassaulthelp.org\\\/#\\\/schema\\\/logo\\\/image\\\/\",\"url\":\"https:\\\/\\\/i0.wp.com\\\/sexualassaulthelp.org\\\/wp-content\\\/uploads\\\/2020\\\/03\\\/SexualAssaultHelp_TRANSPARENT-RETINA-LOGO_360x124.png?fit=360%2C124&ssl=1\",\"contentUrl\":\"https:\\\/\\\/i0.wp.com\\\/sexualassaulthelp.org\\\/wp-content\\\/uploads\\\/2020\\\/03\\\/SexualAssaultHelp_TRANSPARENT-RETINA-LOGO_360x124.png?fit=360%2C124&ssl=1\",\"width\":360,\"height\":124,\"caption\":\"Sexual Assault Help\"},\"image\":{\"@id\":\"https:\\\/\\\/sexualassaulthelp.org\\\/#\\\/schema\\\/logo\\\/image\\\/\"}}]}<\/script>\n<!-- \/ Yoast SEO plugin. -->","yoast_head_json":{"title":"\u00bfQu\u00e9 es la agresi\u00f3n sexual? - Sexual Assault Help","description":"\u00bfQu\u00e9 sigue despu\u00e9s de denunciar una agresi\u00f3n sexual? Si decide cambiar a un informe policial completo en un momento posterior, tiene algunas opciones diferentes.","robots":{"index":"index","follow":"follow","max-snippet":"max-snippet:-1","max-image-preview":"max-image-preview:large","max-video-preview":"max-video-preview:-1"},"canonical":"https:\/\/sexualassaulthelp.org\/es\/que-es-la-agresion-sexual\/","og_locale":"es_ES","og_type":"article","og_title":"\u00bfQu\u00e9 es la agresi\u00f3n sexual? - Sexual Assault Help","og_description":"\u00bfQu\u00e9 sigue despu\u00e9s de denunciar una agresi\u00f3n sexual? Si decide cambiar a un informe policial completo en un momento posterior, tiene algunas opciones diferentes.","og_url":"https:\/\/sexualassaulthelp.org\/es\/que-es-la-agresion-sexual\/","og_site_name":"Sexual Assault Help","article_modified_time":"2021-08-26T18:22:44+00:00","og_image":[{"url":"https:\/\/sexualassaulthelp.org\/wp-content\/uploads\/2020\/03\/iStock-1158194709.jpg","type":"","width":"","height":""}],"twitter_card":"summary_large_image","schema":{"@context":"https:\/\/schema.org","@graph":[{"@type":"WebPage","@id":"https:\/\/sexualassaulthelp.org\/es\/que-es-la-agresion-sexual\/","url":"https:\/\/sexualassaulthelp.org\/es\/que-es-la-agresion-sexual\/","name":"\u00bfQu\u00e9 es la agresi\u00f3n sexual? - Sexual Assault Help","isPartOf":{"@id":"https:\/\/sexualassaulthelp.org\/#website"},"primaryImageOfPage":{"@id":"https:\/\/sexualassaulthelp.org\/es\/que-es-la-agresion-sexual\/#primaryimage"},"image":{"@id":"https:\/\/sexualassaulthelp.org\/es\/que-es-la-agresion-sexual\/#primaryimage"},"thumbnailUrl":"https:\/\/sexualassaulthelp.org\/wp-content\/uploads\/2020\/03\/iStock-1158194709.jpg","datePublished":"2021-07-22T17:03:02+00:00","dateModified":"2021-08-26T18:22:44+00:00","description":"\u00bfQu\u00e9 sigue despu\u00e9s de denunciar una agresi\u00f3n sexual? Si decide cambiar a un informe policial completo en un momento posterior, tiene algunas opciones diferentes.","breadcrumb":{"@id":"https:\/\/sexualassaulthelp.org\/es\/que-es-la-agresion-sexual\/#breadcrumb"},"inLanguage":"es","potentialAction":[{"@type":"ReadAction","target":["https:\/\/sexualassaulthelp.org\/es\/que-es-la-agresion-sexual\/"]}]},{"@type":"ImageObject","inLanguage":"es","@id":"https:\/\/sexualassaulthelp.org\/es\/que-es-la-agresion-sexual\/#primaryimage","url":"https:\/\/sexualassaulthelp.org\/wp-content\/uploads\/2020\/03\/iStock-1158194709.jpg","contentUrl":"https:\/\/sexualassaulthelp.org\/wp-content\/uploads\/2020\/03\/iStock-1158194709.jpg"},{"@type":"BreadcrumbList","@id":"https:\/\/sexualassaulthelp.org\/es\/que-es-la-agresion-sexual\/#breadcrumb","itemListElement":[{"@type":"ListItem","position":1,"name":"Home","item":"https:\/\/sexualassaulthelp.org\/es\/"},{"@type":"ListItem","position":2,"name":"\u00bfQu\u00e9 es la agresi\u00f3n sexual?"}]},{"@type":"WebSite","@id":"https:\/\/sexualassaulthelp.org\/#website","url":"https:\/\/sexualassaulthelp.org\/","name":"Sexual Assault Help","description":"","publisher":{"@id":"https:\/\/sexualassaulthelp.org\/#organization"},"potentialAction":[{"@type":"SearchAction","target":{"@type":"EntryPoint","urlTemplate":"https:\/\/sexualassaulthelp.org\/?s={search_term_string}"},"query-input":{"@type":"PropertyValueSpecification","valueRequired":true,"valueName":"search_term_string"}}],"inLanguage":"es"},{"@type":"Organization","@id":"https:\/\/sexualassaulthelp.org\/#organization","name":"Sexual Assault Help","url":"https:\/\/sexualassaulthelp.org\/","logo":{"@type":"ImageObject","inLanguage":"es","@id":"https:\/\/sexualassaulthelp.org\/#\/schema\/logo\/image\/","url":"https:\/\/i0.wp.com\/sexualassaulthelp.org\/wp-content\/uploads\/2020\/03\/SexualAssaultHelp_TRANSPARENT-RETINA-LOGO_360x124.png?fit=360%2C124&ssl=1","contentUrl":"https:\/\/i0.wp.com\/sexualassaulthelp.org\/wp-content\/uploads\/2020\/03\/SexualAssaultHelp_TRANSPARENT-RETINA-LOGO_360x124.png?fit=360%2C124&ssl=1","width":360,"height":124,"caption":"Sexual Assault Help"},"image":{"@id":"https:\/\/sexualassaulthelp.org\/#\/schema\/logo\/image\/"}}]}},"jetpack_likes_enabled":true,"jetpack_sharing_enabled":true,"jetpack_shortlink":"https:\/\/wp.me\/Pbujln-fi","_links":{"self":[{"href":"https:\/\/sexualassaulthelp.org\/es\/wp-json\/wp\/v2\/pages\/948","targetHints":{"allow":["GET"]}}],"collection":[{"href":"https:\/\/sexualassaulthelp.org\/es\/wp-json\/wp\/v2\/pages"}],"about":[{"href":"https:\/\/sexualassaulthelp.org\/es\/wp-json\/wp\/v2\/types\/page"}],"author":[{"embeddable":true,"href":"https:\/\/sexualassaulthelp.org\/es\/wp-json\/wp\/v2\/users\/175697080"}],"replies":[{"embeddable":true,"href":"https:\/\/sexualassaulthelp.org\/es\/wp-json\/wp\/v2\/comments?post=948"}],"version-history":[{"count":5,"href":"https:\/\/sexualassaulthelp.org\/es\/wp-json\/wp\/v2\/pages\/948\/revisions"}],"predecessor-version":[{"id":1002,"href":"https:\/\/sexualassaulthelp.org\/es\/wp-json\/wp\/v2\/pages\/948\/revisions\/1002"}],"wp:attachment":[{"href":"https:\/\/sexualassaulthelp.org\/es\/wp-json\/wp\/v2\/media?parent=948"}],"curies":[{"name":"wp","href":"https:\/\/api.w.org\/{rel}","templated":true}]}}