{"id":955,"date":"2021-08-23T16:50:14","date_gmt":"2021-08-23T16:50:14","guid":{"rendered":"https:\/\/sexualassaulthelp.org\/pagina-principal\/"},"modified":"2021-08-26T22:04:37","modified_gmt":"2021-08-26T22:04:37","slug":"pagina-principal","status":"publish","type":"page","link":"https:\/\/sexualassaulthelp.org\/es\/","title":{"rendered":"p\u00e1gina principal"},"content":{"rendered":"\n\n\t<h1>No estas sola\/o.<\/h1>\n\t\n\t<p>Busque ayuda incluso si no est\u00e1 segura\/o de haber sido agredida\/o o de estar bajo la influencia de drogas o alcohol. Existen opciones para obtener el apoyo que necesita.<\/p>\n\t\t\t<a href=\"https:\/\/sexualassaulthelp.org\/es\/opciones-de-informes\/\" target=\"_self\" role=\"button\" rel=\"noopener\">\n\t\t\t\t\t\tOPCIONES PARA INFORMAR\n\t\t<\/a>\n\t\t\t<a href=\"https:\/\/sexualassaulthelp.org\/es\/donde-puede-buscar-ayuda\/\" target=\"_self\" role=\"button\" rel=\"noopener\">\n\t\t\t\t\t\tBUSCA AYUDA\n\t\t<\/a>\n\t\n\t<h3>\n\t\t\t\t\tWhat is Anonymous Reporting?\n\t\t\t\t<\/h3>\n\t\t\t<p>In Nebraska, you can receive medical care and have evidence collected without reporting a sexual assault to law enforcement.<\/p>\n\t<h3>\n\t\t\t\t\tYou can anonymously:\n\t\t\t\t<\/h3>\n\t<ul>\n<li>\n<ul>\n<li>Reciba apoyo gratuito de un defensor confidencial que pueda explicarle sus opciones y orientarlo hacia los recursos.<\/li>\n<li>Haga que se recopilen ADN y otras pruebas en caso de que desee informar a la polic\u00eda m\u00e1s adelante.<\/li>\n<li>Recibir pruebas y tratamiento para infecciones de transmisi\u00f3n sexual (ITS), acceder a anticonceptivos de emergencia y evaluar y tratar las lesiones.<\/li>\n<\/ul>\n<\/li>\n<\/ul>\n<p>NOTA: Existen limitaciones sobre qui\u00e9n puede informar de forma an\u00f3nima. Obtenga m\u00e1s informaci\u00f3n sobre <a href=\"&quot;https:\/\/sexualassaulthelp.org\/es\/quien-puede-denunciar-de-forma-anonima\/\">las denuncias an\u00f3nimas<\/a> o<a href=\"https:\/\/sexualassaulthelp.org\/es\/donde-puede-buscar-ayuda\/\"> comun\u00edquese con un defensor confidencial<\/a> para analizar sus opciones de denuncia.<\/p>\n\t\t\t<a href=\"https:\/\/sexualassaulthelp.org\/es\/opciones-de-informes\/#anonymousreporting\" target=\"_self\" role=\"button\" rel=\"noopener\">\n\t\t\t\t\t\tAPRENDE M\u00c1S\n\t\t<\/a>\n\t<h2>\n\t\t\t\t\t\u00bfNecesitas ayuda ahora?\n\t\t\t\t<\/h2>\n\t\t\t<p>Vaya a la sala de emergencias m\u00e1s cercana y solicite un\/a enfermero\/a examinadora de agresi\u00f3n sexual (SANE) o llame a la l\u00ednea de crisis de 24 horas de WCA al 402-345-7273.<\/p>\n<p>\u00a0<\/p>\n\n\n","protected":false},"excerpt":{"rendered":"<p>No estas sola\/o. Busque ayuda incluso si no est\u00e1 segura\/o de haber sido agredida\/o o de estar bajo la influencia de drogas o alcohol. Existen opciones para obtener el apoyo que necesita. OPCIONES PARA INFORMAR BUSCA AYUDA What is Anonymous Reporting? In Nebraska, you can receive medical care and have evidence collected without reporting a [&hellip;]<\/p>\n","protected":false},"author":175697080,"featured_media":0,"parent":0,"menu_order":0,"comment_status":"closed","ping_status":"closed","template":"","meta":{"_coblocks_attr":"","_coblocks_dimensions":"","_coblocks_responsive_height":"","_coblocks_accordion_ie_support":"","_monsterinsights_skip_tracking":false,"_monsterinsights_sitenote_active":false,"_monsterinsights_sitenote_note":"","_monsterinsights_sitenote_category":0,"site-sidebar-layout":"no-sidebar","site-content-layout":"page-builder","ast-site-content-layout":"","site-content-style":"default","site-sidebar-style":"default","ast-global-header-display":"","ast-banner-title-visibility":"","ast-main-header-display":"","ast-hfb-above-header-display":"","ast-hfb-below-header-display":"","ast-hfb-mobile-header-display":"","site-post-title":"disabled","ast-breadcrumbs-content":"","ast-featured-img":"disabled","footer-sml-layout":"","theme-transparent-header-meta":"default","adv-header-id-meta":"","stick-header-meta":"","header-above-stick-meta":"","header-main-stick-meta":"","header-below-stick-meta":"","astra-migrate-meta-layouts":"default","ast-page-background-enabled":"default","ast-page-background-meta":{"desktop":{"background-color":"","background-image":"","background-repeat":"repeat","background-position":"center center","background-size":"auto","background-attachment":"scroll","background-type":"","background-media":"","overlay-type":"","overlay-color":"","overlay-gradient":""},"tablet":{"background-color":"","background-image":"","background-repeat":"repeat","background-position":"center center","background-size":"auto","background-attachment":"scroll","background-type":"","background-media":"","overlay-type":"","overlay-color":"","overlay-gradient":""},"mobile":{"background-color":"","background-image":"","background-repeat":"repeat","background-position":"center center","background-size":"auto","background-attachment":"scroll","background-type":"","background-media":"","overlay-type":"","overlay-color":"","overlay-gradient":""}},"ast-content-background-meta":{"desktop":{"background-color":"var(--ast-global-color-5)","background-image":"","background-repeat":"repeat","background-position":"center center","background-size":"auto","background-attachment":"scroll","background-type":"","background-media":"","overlay-type":"","overlay-color":"","overlay-gradient":""},"tablet":{"background-color":"var(--ast-global-color-5)","background-image":"","background-repeat":"repeat","background-position":"center center","background-size":"auto","background-attachment":"scroll","background-type":"","background-media":"","overlay-type":"","overlay-color":"","overlay-gradient":""},"mobile":{"background-color":"var(--ast-global-color-5)","background-image":"","background-repeat":"repeat","background-position":"center center","background-size":"auto","background-attachment":"scroll","background-type":"","background-media":"","overlay-type":"","overlay-color":"","overlay-gradient":""}},"footnotes":""},"class_list":["post-955","page","type-page","status-publish","hentry"],"yoast_head":"<!-- This site is optimized with the Yoast SEO plugin v27.6 - https:\/\/yoast.com\/product\/yoast-seo-wordpress\/ -->\n<title>Soporte confidencial gratuito.<\/title>\n<meta name=\"description\" content=\"Tiene a su disposici\u00f3n ayuda gratuita y confidencial para casos de agresi\u00f3n sexual. Si no dio su consentimiento o no pudo dar su consentimiento, podr\u00eda haber sido agredida\/o sexualmente.\" \/>\n<meta name=\"robots\" content=\"index, follow, max-snippet:-1, max-image-preview:large, max-video-preview:-1\" \/>\n<link rel=\"canonical\" href=\"https:\/\/sexualassaulthelp.org\/es\/\" \/>\n<meta property=\"og:locale\" content=\"es_ES\" \/>\n<meta property=\"og:type\" content=\"article\" \/>\n<meta property=\"og:title\" content=\"Soporte confidencial gratuito.\" \/>\n<meta property=\"og:description\" content=\"Tiene a su disposici\u00f3n ayuda gratuita y confidencial para casos de agresi\u00f3n sexual. Si no dio su consentimiento o no pudo dar su consentimiento, podr\u00eda haber sido agredida\/o sexualmente.\" \/>\n<meta property=\"og:url\" content=\"https:\/\/sexualassaulthelp.org\/es\/\" \/>\n<meta property=\"og:site_name\" content=\"Sexual Assault Help\" \/>\n<meta property=\"article:modified_time\" content=\"2021-08-26T22:04:37+00:00\" \/>\n<meta name=\"twitter:card\" content=\"summary_large_image\" \/>\n<meta name=\"twitter:label1\" content=\"Tiempo de lectura\" \/>\n\t<meta name=\"twitter:data1\" content=\"1 minuto\" \/>\n<script type=\"application\/ld+json\" class=\"yoast-schema-graph\">{\"@context\":\"https:\\\/\\\/schema.org\",\"@graph\":[{\"@type\":\"WebPage\",\"@id\":\"https:\\\/\\\/sexualassaulthelp.org\\\/es\\\/\",\"url\":\"https:\\\/\\\/sexualassaulthelp.org\\\/es\\\/\",\"name\":\"Soporte confidencial gratuito.\",\"isPartOf\":{\"@id\":\"https:\\\/\\\/sexualassaulthelp.org\\\/#website\"},\"datePublished\":\"2021-08-23T16:50:14+00:00\",\"dateModified\":\"2021-08-26T22:04:37+00:00\",\"description\":\"Tiene a su disposici\u00f3n ayuda gratuita y confidencial para casos de agresi\u00f3n sexual. Si no dio su consentimiento o no pudo dar su consentimiento, podr\u00eda haber sido agredida\\\/o sexualmente.\",\"breadcrumb\":{\"@id\":\"https:\\\/\\\/sexualassaulthelp.org\\\/es\\\/#breadcrumb\"},\"inLanguage\":\"es\",\"potentialAction\":[{\"@type\":\"ReadAction\",\"target\":[\"https:\\\/\\\/sexualassaulthelp.org\\\/es\\\/\"]}]},{\"@type\":\"BreadcrumbList\",\"@id\":\"https:\\\/\\\/sexualassaulthelp.org\\\/es\\\/#breadcrumb\",\"itemListElement\":[{\"@type\":\"ListItem\",\"position\":1,\"name\":\"Home\",\"item\":\"https:\\\/\\\/sexualassaulthelp.org\\\/es\\\/\"},{\"@type\":\"ListItem\",\"position\":2,\"name\":\"p\u00e1gina principal\"}]},{\"@type\":\"WebSite\",\"@id\":\"https:\\\/\\\/sexualassaulthelp.org\\\/#website\",\"url\":\"https:\\\/\\\/sexualassaulthelp.org\\\/\",\"name\":\"Sexual Assault Help\",\"description\":\"\",\"publisher\":{\"@id\":\"https:\\\/\\\/sexualassaulthelp.org\\\/#organization\"},\"potentialAction\":[{\"@type\":\"SearchAction\",\"target\":{\"@type\":\"EntryPoint\",\"urlTemplate\":\"https:\\\/\\\/sexualassaulthelp.org\\\/?s={search_term_string}\"},\"query-input\":{\"@type\":\"PropertyValueSpecification\",\"valueRequired\":true,\"valueName\":\"search_term_string\"}}],\"inLanguage\":\"es\"},{\"@type\":\"Organization\",\"@id\":\"https:\\\/\\\/sexualassaulthelp.org\\\/#organization\",\"name\":\"Sexual Assault Help\",\"url\":\"https:\\\/\\\/sexualassaulthelp.org\\\/\",\"logo\":{\"@type\":\"ImageObject\",\"inLanguage\":\"es\",\"@id\":\"https:\\\/\\\/sexualassaulthelp.org\\\/#\\\/schema\\\/logo\\\/image\\\/\",\"url\":\"https:\\\/\\\/i0.wp.com\\\/sexualassaulthelp.org\\\/wp-content\\\/uploads\\\/2020\\\/03\\\/SexualAssaultHelp_TRANSPARENT-RETINA-LOGO_360x124.png?fit=360%2C124&ssl=1\",\"contentUrl\":\"https:\\\/\\\/i0.wp.com\\\/sexualassaulthelp.org\\\/wp-content\\\/uploads\\\/2020\\\/03\\\/SexualAssaultHelp_TRANSPARENT-RETINA-LOGO_360x124.png?fit=360%2C124&ssl=1\",\"width\":360,\"height\":124,\"caption\":\"Sexual Assault Help\"},\"image\":{\"@id\":\"https:\\\/\\\/sexualassaulthelp.org\\\/#\\\/schema\\\/logo\\\/image\\\/\"}}]}<\/script>\n<!-- \/ Yoast SEO plugin. -->","yoast_head_json":{"title":"Soporte confidencial gratuito.","description":"Tiene a su disposici\u00f3n ayuda gratuita y confidencial para casos de agresi\u00f3n sexual. Si no dio su consentimiento o no pudo dar su consentimiento, podr\u00eda haber sido agredida\/o sexualmente.","robots":{"index":"index","follow":"follow","max-snippet":"max-snippet:-1","max-image-preview":"max-image-preview:large","max-video-preview":"max-video-preview:-1"},"canonical":"https:\/\/sexualassaulthelp.org\/es\/","og_locale":"es_ES","og_type":"article","og_title":"Soporte confidencial gratuito.","og_description":"Tiene a su disposici\u00f3n ayuda gratuita y confidencial para casos de agresi\u00f3n sexual. Si no dio su consentimiento o no pudo dar su consentimiento, podr\u00eda haber sido agredida\/o sexualmente.","og_url":"https:\/\/sexualassaulthelp.org\/es\/","og_site_name":"Sexual Assault Help","article_modified_time":"2021-08-26T22:04:37+00:00","twitter_card":"summary_large_image","twitter_misc":{"Tiempo de lectura":"1 minuto"},"schema":{"@context":"https:\/\/schema.org","@graph":[{"@type":"WebPage","@id":"https:\/\/sexualassaulthelp.org\/es\/","url":"https:\/\/sexualassaulthelp.org\/es\/","name":"Soporte confidencial gratuito.","isPartOf":{"@id":"https:\/\/sexualassaulthelp.org\/#website"},"datePublished":"2021-08-23T16:50:14+00:00","dateModified":"2021-08-26T22:04:37+00:00","description":"Tiene a su disposici\u00f3n ayuda gratuita y confidencial para casos de agresi\u00f3n sexual. Si no dio su consentimiento o no pudo dar su consentimiento, podr\u00eda haber sido agredida\/o sexualmente.","breadcrumb":{"@id":"https:\/\/sexualassaulthelp.org\/es\/#breadcrumb"},"inLanguage":"es","potentialAction":[{"@type":"ReadAction","target":["https:\/\/sexualassaulthelp.org\/es\/"]}]},{"@type":"BreadcrumbList","@id":"https:\/\/sexualassaulthelp.org\/es\/#breadcrumb","itemListElement":[{"@type":"ListItem","position":1,"name":"Home","item":"https:\/\/sexualassaulthelp.org\/es\/"},{"@type":"ListItem","position":2,"name":"p\u00e1gina principal"}]},{"@type":"WebSite","@id":"https:\/\/sexualassaulthelp.org\/#website","url":"https:\/\/sexualassaulthelp.org\/","name":"Sexual Assault Help","description":"","publisher":{"@id":"https:\/\/sexualassaulthelp.org\/#organization"},"potentialAction":[{"@type":"SearchAction","target":{"@type":"EntryPoint","urlTemplate":"https:\/\/sexualassaulthelp.org\/?s={search_term_string}"},"query-input":{"@type":"PropertyValueSpecification","valueRequired":true,"valueName":"search_term_string"}}],"inLanguage":"es"},{"@type":"Organization","@id":"https:\/\/sexualassaulthelp.org\/#organization","name":"Sexual Assault Help","url":"https:\/\/sexualassaulthelp.org\/","logo":{"@type":"ImageObject","inLanguage":"es","@id":"https:\/\/sexualassaulthelp.org\/#\/schema\/logo\/image\/","url":"https:\/\/i0.wp.com\/sexualassaulthelp.org\/wp-content\/uploads\/2020\/03\/SexualAssaultHelp_TRANSPARENT-RETINA-LOGO_360x124.png?fit=360%2C124&ssl=1","contentUrl":"https:\/\/i0.wp.com\/sexualassaulthelp.org\/wp-content\/uploads\/2020\/03\/SexualAssaultHelp_TRANSPARENT-RETINA-LOGO_360x124.png?fit=360%2C124&ssl=1","width":360,"height":124,"caption":"Sexual Assault Help"},"image":{"@id":"https:\/\/sexualassaulthelp.org\/#\/schema\/logo\/image\/"}}]}},"jetpack_likes_enabled":true,"jetpack_sharing_enabled":true,"jetpack_shortlink":"https:\/\/wp.me\/Pbujln-fp","_links":{"self":[{"href":"https:\/\/sexualassaulthelp.org\/es\/wp-json\/wp\/v2\/pages\/955","targetHints":{"allow":["GET"]}}],"collection":[{"href":"https:\/\/sexualassaulthelp.org\/es\/wp-json\/wp\/v2\/pages"}],"about":[{"href":"https:\/\/sexualassaulthelp.org\/es\/wp-json\/wp\/v2\/types\/page"}],"author":[{"embeddable":true,"href":"https:\/\/sexualassaulthelp.org\/es\/wp-json\/wp\/v2\/users\/175697080"}],"replies":[{"embeddable":true,"href":"https:\/\/sexualassaulthelp.org\/es\/wp-json\/wp\/v2\/comments?post=955"}],"version-history":[{"count":5,"href":"https:\/\/sexualassaulthelp.org\/es\/wp-json\/wp\/v2\/pages\/955\/revisions"}],"predecessor-version":[{"id":1028,"href":"https:\/\/sexualassaulthelp.org\/es\/wp-json\/wp\/v2\/pages\/955\/revisions\/1028"}],"wp:attachment":[{"href":"https:\/\/sexualassaulthelp.org\/es\/wp-json\/wp\/v2\/media?parent=955"}],"curies":[{"name":"wp","href":"https:\/\/api.w.org\/{rel}","templated":true}]}}