{"id":967,"date":"2021-08-23T19:50:19","date_gmt":"2021-08-23T19:50:19","guid":{"rendered":"https:\/\/sexualassaulthelp.org\/opciones-de-informes\/"},"modified":"2022-05-12T20:33:31","modified_gmt":"2022-05-12T20:33:31","slug":"opciones-de-informes","status":"publish","type":"page","link":"https:\/\/sexualassaulthelp.org\/es\/opciones-de-informes\/","title":{"rendered":"Opciones de informes"},"content":{"rendered":"\n\n\t<h1>\n\t\t\t\t\tOpciones de informes\n\t\t\t\t<\/h1>\n\t<h3>\n\t\t\t\t\tInforme completo <br \/> para las fuerzas <br \/> del orden \n\t\t\t\t<\/h3>\n\t\t\t<a href=\"https:\/\/sexualassaulthelp.org\/es\/opciones-de-informes\/#fullreport\" target=\"_self\" role=\"button\" rel=\"noopener\">\n\t\t\t\t\t\tAPRENDE M\u00c1S\n\t\t<\/a>\n\t<h3>\n\t\t\t\t\tInforme parcial para <br \/> las fuerzas <br \/> del orden\n\t\t\t\t<\/h3>\n\t\t\t<a href=\"https:\/\/sexualassaulthelp.org\/es\/opciones-de-informes\/#partialreport\" target=\"_self\" role=\"button\" rel=\"noopener\">\n\t\t\t\t\t\tAPRENDE M\u00c1S\n\t\t<\/a>\n\t<h3>\n\t\t\t\t\tInforme an\u00f3nimo al enfermero\/a examinador de agresi\u00f3n sexual\n\t\t\t\t<\/h3>\n\t\t\t<a href=\"https:\/\/sexualassaulthelp.org\/es\/opciones-de-informes\/#anonymousreporting\" target=\"_self\" role=\"button\" rel=\"noopener\">\n\t\t\t\t\t\tAPRENDE M\u00c1S\n\t\t<\/a>\n\t<p><strong>Si no est\u00e1 segura de c\u00f3mo o si desea denunciar, por favor <a href=\"https:\/\/sexualassaulthelp.org\/es\/donde-puede-buscar-ayuda\/#localadvocacy\">comun\u00edquese con un\/a defensor\/a confidencial <\/a>. Un\/a defensor\/a es su mejor recurso para crear un plan de informes que tenga m\u00e1s sentido para usted y priorice su seguridad y bienestar. Cualquiera puede hablar con un defensor confidencial.<\/strong><\/p>\n<p><strong>Para los menores de 18 a\u00f1os o para denunciar la agresi\u00f3n sexual de una persona menor de 18 a\u00f1os, pueden comunicarse con <a href=\"https:\/\/projectharmony.com\/\">Project Harmony<\/a>.<\/strong><\/p>\n\t<h3>\n\t\t\t\t\tInforme Completo \n\t\t\t\t<\/h3>\n\t<p>Un informe completo a la polic\u00eda le da la opci\u00f3n de trabajar con un\/a investigador\/a de agresi\u00f3n sexual en una posible investigaci\u00f3n y enjuiciamiento criminal. Si decide hablar con un\/a investigador\/a y \/ o participar en una investigaci\u00f3n, normalmente puede solicitar pausar o detener el proceso en cualquier momento.<\/p>\n<p>Hay dos formas de comenzar un informe completo a las fuerzas del orden p\u00fablico: comunic\u00e1ndose directamente con las fuerzas del orden p\u00fablico o yendo a un hospital que tenga un Programa de Enfermeras\/os Examinadores de Agresiones Sexuales (SANE).<\/p>\n<ol>\n<li>Si se comunica directamente con la polic\u00eda, un\/a oficial se reunir\u00e1 con usted en el lugar, la fecha y la hora que usted decida para tomar un informe inicial. El\/la oficial le har\u00e1 algunas preguntas para obtener una descripci\u00f3n general de lo que sucedi\u00f3. Tambi\u00e9n intentar\u00e1n identificar d\u00f3nde ocurri\u00f3 y proteger la evidencia en el lugar. Cuando hable con la\/el polic\u00eda, sepa que debe tener privacidad y que siempre puede tomar un descanso. Si a\u00fan no ha recibido atenci\u00f3n m\u00e9dica, la\/el oficial puede ofrecer transportarla\/o o recibirle en un hospital.<\/li>\n<li>Si va a un hospital antes de comunicarse con la polic\u00eda, un\/a proveedor\/a del hospital puede comunicarse con la polic\u00eda en su nombre si les dice que desea presentar un informe completo a la polic\u00eda. Un\/a oficial se reunir\u00e1 con usted en el hospital para tomar un informe inicial.<\/li>\n<\/ol>\n<p>En el hospital, habr\u00e1 un\/a SANE disponible para realizar un examen forense de agresi\u00f3n sexual y atender sus necesidades. Tendr\u00e1 acceso a la defensa, la recopilaci\u00f3n de pruebas y el tratamiento. Una vez finalizado el examen, la polic\u00eda recoger\u00e1 su equipo de agresi\u00f3n sexual y lo enviar\u00e1 al laboratorio de delitos para realizar una prueba de ADN. Las fuerzas del orden se comunicar\u00e1n con usted para informarle de los resultados y trabajar\u00e1n con usted en una posible investigaci\u00f3n y enjuiciamiento criminal. Consulte los servicios de seguimiento para obtener m\u00e1s informaci\u00f3n sobre los pr\u00f3ximos pasos.<\/p>\n\t<h3>\n\t\t\t\t\tInforme Parcial \n\t\t\t\t<\/h3>\n\t<p>Si desea acceder a la atenci\u00f3n m\u00e9dica pero no est\u00e1 segura\/o de si desea realizar un informe completo a las fuerzas del orden p\u00fablico, puede elegir la opci\u00f3n de un informe parcial. Con un informe parcial, solo se le pedir\u00e1 que informe su nombre e informaci\u00f3n de contacto (adem\u00e1s de cualquier otra informaci\u00f3n de su elecci\u00f3n) a la polic\u00eda. Al igual que con un informe policial completo, un\/a enfermero\/a examinador de agresi\u00f3n sexual (SANE) estar\u00e1 disponible para proporcionarle un examen forense de agresi\u00f3n sexual y atender sus necesidades en un hospital. Tendr\u00e1 acceso a la defensa, la recopilaci\u00f3n de pruebas y el tratamiento. La polic\u00eda enviar\u00e1 su equipo de agresi\u00f3n sexual al laboratorio de criminal\u00edstica para que lo examinen y es posible que se comuniquen con usted si se determina que su caso est\u00e1 relacionado con otros casos. Si desea conocer los resultados, puede solicitarlos a la polic\u00eda comunic\u00e1ndose con ellos directamente.<\/p>\n<p>&nbsp;<\/p>\n<p>Puede decidir cambiar a un informe completo a las fuerzas del orden y seguir adelante con una investigaci\u00f3n en un momento posterior notificando a las fuerzas del orden. Luego, un\/a investigador\/a de agresi\u00f3n sexual se comunicar\u00e1 con usted. Consulte los servicios de seguimiento para obtener m\u00e1s informaci\u00f3n sobre los pr\u00f3ximos pasos.<\/p>\n\t<h3>\n\t\t\t\t\tInformes An\u00f3nimos\n\t\t\t\t<\/h3>\n\t<p>Si no desea reportar ninguna informaci\u00f3n personal a la polic\u00eda, tambi\u00e9n tiene la opci\u00f3n de un reporte an\u00f3nimo. Con un informe an\u00f3nimo, no se le pedir\u00e1 que proporcione ninguna informaci\u00f3n de identificaci\u00f3n a la polic\u00eda. Al igual que con un informe policial completo o un informe parcial, un\/a enfermera\/o examinador de agresi\u00f3n sexual (SANE) estar\u00e1 disponible para proporcionarle un examen forense de agresi\u00f3n sexual y atender sus necesidades en un hospital. Tendr\u00e1 acceso\u00a0 <a href=\"https:\/\/sexualassaulthelp.org\/es\/que-esperar-si-denuncia-una-agresion-sexual\/#freeadvocacy\">a la defensa<\/a>, <a href=\"https:\/\/sexualassaulthelp.org\/es\/que-esperar-si-denuncia-una-agresion-sexual\/#evidencecollection\">recopilaci\u00f3n de evidencia<\/a>\u00a0y\u00a0<a href=\"https:\/\/sexualassaulthelp.org\/es\/que-esperar-si-denuncia-una-agresion-sexual\/#treatment\">el tratamient<\/a><u>o<\/u>. Su equipo de agresi\u00f3n sexual no se enviar\u00e1 al laboratorio de criminal\u00edstica para su an\u00e1lisis, pero la polic\u00eda lo mantendr\u00e1 durante 20 a\u00f1os. Por lo tanto, si cambia de opini\u00f3n en un momento posterior, siempre puede comunicarse con la polic\u00eda y solicitar que se analice su equipo y se investigue el caso.<\/p>\n<p>&nbsp;<\/p>\n<p><strong><em>NOTA: Existen limitaciones sobre qui\u00e9n puede informar de forma an\u00f3nima.\u00a0<\/em><\/strong><a href=\"https:\/\/sexualassaulthelp.org\/es\/quien-puede-denunciar-de-forma-anonima\/\"><strong><em>Aprende m\u00e1s aqu\u00ed<\/em><\/strong><\/a><strong><em>.<\/em><\/strong><\/p>\n\t<h4>\n\t\t\t\t\tOPCION 1: P\u00f3ngase en contacto con un\/a Defensor \/a confidencial  \n\t\t\t\t<\/h4>\n\t\t\t<p>La dirigir\u00e1n a la sala de emergencias local correspondiente que pueda atender a los sobrevivientes de agresi\u00f3n sexual y le guiar\u00e1n a trav\u00e9s del proceso de recibir atenci\u00f3n m\u00e9dica.\u00a0<\/p>\n\t<ul>\n<li>Condado de Douglas: Llame al Women&#8217;s Center for Advancement&#8217;s (WCA) 24\/7 l\u00ednea directa confidencial al 402-345-7273. Tambi\u00e9n hay defensores de habla hispana disponible.<\/li>\n<li>Condado de Sarpy: Llame Heartland Family Service (HFS) 24\/7 l\u00ednea directa confidencial al 800-523-3666.<\/li>\n<\/ul>\n<p>Ambos programas brindar\u00e1n servicios b\u00e1sicos de defensa incluso si reside en un condado diferente.<\/p>\n\t<h4>\n\t\t\t\t\tOPCION 2: Comun\u00edquese o vaya directamente a su sala de emergencias local  \n\t\t\t\t<\/h4>\n<p>Si no desea hablar con un\/a Defensor\/a confidencial, tambi\u00e9n puede llamar directamente a la sala de emergencias local. Una vez que identifique que ha sido agredida\/o sexualmente, le ayudar\u00e1n durante el proceso. Tambi\u00e9n puede ir directamente a la sala de emergencias local e identificar que ha sido agredida\/o sexualmente.\u00a0<\/p>\n\t<p><strong>Si es militar en servicio activo o su dependiente adulto, es posible que desee participar en informes restringidos, que es la versi\u00f3n militar de informes an\u00f3nimos. Comun\u00edquese con un <a href=\"https:\/\/sexualassaulthelp.org\/es\/donde-puede-buscar-ayuda\/#military\">defensor militar<\/a> para obtener m\u00e1s informaci\u00f3n.<\/strong><\/p>\n\t<h3>\n\t\t\t\t\t\u00bfPuedo denunciar de forma an\u00f3nima si me comunico con las fuerzas del orden? \n\t\t\t\t<\/h3>\n\t\t\t<p>Si se comunica directamente con la polic\u00eda, sepa que tiene derecho a conocer sus opciones de denuncia antes de proporcionarles cualquier informaci\u00f3n sobre el incidente. En otras palabras, puede negarse a denunciar el incidente una vez que un\/a agente de la ley le haya informado sobre sus opciones. Sin embargo, si reporta cualquier informaci\u00f3n de identificaci\u00f3n (nombre, fecha de nacimiento, etc.) o informaci\u00f3n sobre el incidente (lugar, hora, etc.) a las fuerzas del orden p\u00fablico, ya no estar\u00e1 haciendo un reporte an\u00f3nimo.\u00a0<\/p>\n\t\t\t\t<img data-recalc-dims=\"1\" loading=\"lazy\" decoding=\"async\" src=\"https:\/\/i0.wp.com\/sexualassaulthelp.org\/wp-content\/uploads\/2020\/03\/iStock-1124715217.jpg?resize=6160%2C4107&#038;ssl=1\" alt=\"Vista posterior de una madre amorosa abrazando a su hija adolescente.\" itemprop=\"image\" height=\"4107\" width=\"6160\" title=\"Vista posterior de una madre amorosa abrazando a su hija adolescente.\" onerror=\"this.style.display='none'\"  \/>\n\t<p><strong>Para los menores de 18 a\u00f1os o para denunciar la agresi\u00f3n sexual de una persona menor de 18 a\u00f1os, pueden comunicarse con Project Harmony.<\/strong><\/p>\n\t<h2>\n\t\t\t\t\t\u00bfD\u00f3nde puede buscar ayuda\n\t\t\t\t<\/h2>\n\t\t\t<p>El apoyo est\u00e1 disponible para ti.\u00a0<\/p>\n\t\t\t<a href=\"https:\/\/sexualassaulthelp.org\/es\/donde-puede-buscar-ayuda\/\" target=\"_self\" role=\"button\" rel=\"noopener\">\n\t\t\t\t\t\tVER OPCIONES\n\t\t<\/a>\n\n","protected":false},"excerpt":{"rendered":"<p>Opciones de informes Informe completo para las fuerzas del orden APRENDE M\u00c1S Informe parcial para las fuerzas del orden APRENDE M\u00c1S Informe an\u00f3nimo al enfermero\/a examinador de agresi\u00f3n sexual APRENDE M\u00c1S Si no est\u00e1 segura de c\u00f3mo o si desea denunciar, por favor comun\u00edquese con un\/a defensor\/a confidencial . Un\/a defensor\/a es su mejor recurso [&hellip;]<\/p>\n","protected":false},"author":175697080,"featured_media":0,"parent":0,"menu_order":0,"comment_status":"closed","ping_status":"closed","template":"","meta":{"_coblocks_attr":"","_coblocks_dimensions":"","_coblocks_responsive_height":"","_coblocks_accordion_ie_support":"","_monsterinsights_skip_tracking":false,"_monsterinsights_sitenote_active":false,"_monsterinsights_sitenote_note":"","_monsterinsights_sitenote_category":0,"site-sidebar-layout":"no-sidebar","site-content-layout":"page-builder","ast-site-content-layout":"","site-content-style":"default","site-sidebar-style":"default","ast-global-header-display":"","ast-banner-title-visibility":"","ast-main-header-display":"","ast-hfb-above-header-display":"","ast-hfb-below-header-display":"","ast-hfb-mobile-header-display":"","site-post-title":"disabled","ast-breadcrumbs-content":"","ast-featured-img":"disabled","footer-sml-layout":"","theme-transparent-header-meta":"default","adv-header-id-meta":"","stick-header-meta":"","header-above-stick-meta":"","header-main-stick-meta":"","header-below-stick-meta":"","astra-migrate-meta-layouts":"default","ast-page-background-enabled":"default","ast-page-background-meta":{"desktop":{"background-color":"","background-image":"","background-repeat":"repeat","background-position":"center center","background-size":"auto","background-attachment":"scroll","background-type":"","background-media":"","overlay-type":"","overlay-color":"","overlay-gradient":""},"tablet":{"background-color":"","background-image":"","background-repeat":"repeat","background-position":"center center","background-size":"auto","background-attachment":"scroll","background-type":"","background-media":"","overlay-type":"","overlay-color":"","overlay-gradient":""},"mobile":{"background-color":"","background-image":"","background-repeat":"repeat","background-position":"center center","background-size":"auto","background-attachment":"scroll","background-type":"","background-media":"","overlay-type":"","overlay-color":"","overlay-gradient":""}},"ast-content-background-meta":{"desktop":{"background-color":"var(--ast-global-color-5)","background-image":"","background-repeat":"repeat","background-position":"center center","background-size":"auto","background-attachment":"scroll","background-type":"","background-media":"","overlay-type":"","overlay-color":"","overlay-gradient":""},"tablet":{"background-color":"var(--ast-global-color-5)","background-image":"","background-repeat":"repeat","background-position":"center center","background-size":"auto","background-attachment":"scroll","background-type":"","background-media":"","overlay-type":"","overlay-color":"","overlay-gradient":""},"mobile":{"background-color":"var(--ast-global-color-5)","background-image":"","background-repeat":"repeat","background-position":"center center","background-size":"auto","background-attachment":"scroll","background-type":"","background-media":"","overlay-type":"","overlay-color":"","overlay-gradient":""}},"jetpack_post_was_ever_published":false,"footnotes":""},"class_list":["post-967","page","type-page","status-publish","hentry"],"yoast_head":"<!-- This site is optimized with the Yoast SEO plugin v27.3 - https:\/\/yoast.com\/product\/yoast-seo-wordpress\/ -->\n<title>Opciones de informes<\/title>\n<meta name=\"description\" content=\"Las opciones de denuncia de agresi\u00f3n sexual incluyen denuncias an\u00f3nimas a las fuerzas del orden, denuncias parciales a las fuerzas del orden y denuncias completas a las fuerzas del orden.\" \/>\n<meta name=\"robots\" content=\"index, follow, max-snippet:-1, max-image-preview:large, max-video-preview:-1\" \/>\n<link rel=\"canonical\" href=\"https:\/\/sexualassaulthelp.org\/es\/opciones-de-informes\/\" \/>\n<meta property=\"og:locale\" content=\"es_ES\" \/>\n<meta property=\"og:type\" content=\"article\" \/>\n<meta property=\"og:title\" content=\"Opciones de informes\" \/>\n<meta property=\"og:description\" content=\"Las opciones de denuncia de agresi\u00f3n sexual incluyen denuncias an\u00f3nimas a las fuerzas del orden, denuncias parciales a las fuerzas del orden y denuncias completas a las fuerzas del orden.\" \/>\n<meta property=\"og:url\" content=\"https:\/\/sexualassaulthelp.org\/es\/opciones-de-informes\/\" \/>\n<meta property=\"og:site_name\" content=\"Sexual Assault Help\" \/>\n<meta property=\"article:modified_time\" content=\"2022-05-12T20:33:31+00:00\" \/>\n<meta property=\"og:image\" content=\"https:\/\/sexualassaulthelp.org\/wp-content\/uploads\/2020\/03\/iStock-1124715217.jpg\" \/>\n<meta name=\"twitter:card\" content=\"summary_large_image\" \/>\n<meta name=\"twitter:label1\" content=\"Tiempo de lectura\" \/>\n\t<meta name=\"twitter:data1\" content=\"6 minutos\" \/>\n<script type=\"application\/ld+json\" class=\"yoast-schema-graph\">{\"@context\":\"https:\\\/\\\/schema.org\",\"@graph\":[{\"@type\":\"WebPage\",\"@id\":\"https:\\\/\\\/sexualassaulthelp.org\\\/es\\\/opciones-de-informes\\\/\",\"url\":\"https:\\\/\\\/sexualassaulthelp.org\\\/es\\\/opciones-de-informes\\\/\",\"name\":\"Opciones de informes\",\"isPartOf\":{\"@id\":\"https:\\\/\\\/sexualassaulthelp.org\\\/#website\"},\"primaryImageOfPage\":{\"@id\":\"https:\\\/\\\/sexualassaulthelp.org\\\/es\\\/opciones-de-informes\\\/#primaryimage\"},\"image\":{\"@id\":\"https:\\\/\\\/sexualassaulthelp.org\\\/es\\\/opciones-de-informes\\\/#primaryimage\"},\"thumbnailUrl\":\"https:\\\/\\\/sexualassaulthelp.org\\\/wp-content\\\/uploads\\\/2020\\\/03\\\/iStock-1124715217.jpg\",\"datePublished\":\"2021-08-23T19:50:19+00:00\",\"dateModified\":\"2022-05-12T20:33:31+00:00\",\"description\":\"Las opciones de denuncia de agresi\u00f3n sexual incluyen denuncias an\u00f3nimas a las fuerzas del orden, denuncias parciales a las fuerzas del orden y denuncias completas a las fuerzas del orden.\",\"breadcrumb\":{\"@id\":\"https:\\\/\\\/sexualassaulthelp.org\\\/es\\\/opciones-de-informes\\\/#breadcrumb\"},\"inLanguage\":\"es\",\"potentialAction\":[{\"@type\":\"ReadAction\",\"target\":[\"https:\\\/\\\/sexualassaulthelp.org\\\/es\\\/opciones-de-informes\\\/\"]}]},{\"@type\":\"ImageObject\",\"inLanguage\":\"es\",\"@id\":\"https:\\\/\\\/sexualassaulthelp.org\\\/es\\\/opciones-de-informes\\\/#primaryimage\",\"url\":\"https:\\\/\\\/sexualassaulthelp.org\\\/wp-content\\\/uploads\\\/2020\\\/03\\\/iStock-1124715217.jpg\",\"contentUrl\":\"https:\\\/\\\/sexualassaulthelp.org\\\/wp-content\\\/uploads\\\/2020\\\/03\\\/iStock-1124715217.jpg\"},{\"@type\":\"BreadcrumbList\",\"@id\":\"https:\\\/\\\/sexualassaulthelp.org\\\/es\\\/opciones-de-informes\\\/#breadcrumb\",\"itemListElement\":[{\"@type\":\"ListItem\",\"position\":1,\"name\":\"Home\",\"item\":\"https:\\\/\\\/sexualassaulthelp.org\\\/es\\\/\"},{\"@type\":\"ListItem\",\"position\":2,\"name\":\"Opciones de informes\"}]},{\"@type\":\"WebSite\",\"@id\":\"https:\\\/\\\/sexualassaulthelp.org\\\/#website\",\"url\":\"https:\\\/\\\/sexualassaulthelp.org\\\/\",\"name\":\"Sexual Assault Help\",\"description\":\"\",\"publisher\":{\"@id\":\"https:\\\/\\\/sexualassaulthelp.org\\\/#organization\"},\"potentialAction\":[{\"@type\":\"SearchAction\",\"target\":{\"@type\":\"EntryPoint\",\"urlTemplate\":\"https:\\\/\\\/sexualassaulthelp.org\\\/?s={search_term_string}\"},\"query-input\":{\"@type\":\"PropertyValueSpecification\",\"valueRequired\":true,\"valueName\":\"search_term_string\"}}],\"inLanguage\":\"es\"},{\"@type\":\"Organization\",\"@id\":\"https:\\\/\\\/sexualassaulthelp.org\\\/#organization\",\"name\":\"Sexual Assault Help\",\"url\":\"https:\\\/\\\/sexualassaulthelp.org\\\/\",\"logo\":{\"@type\":\"ImageObject\",\"inLanguage\":\"es\",\"@id\":\"https:\\\/\\\/sexualassaulthelp.org\\\/#\\\/schema\\\/logo\\\/image\\\/\",\"url\":\"https:\\\/\\\/i0.wp.com\\\/sexualassaulthelp.org\\\/wp-content\\\/uploads\\\/2020\\\/03\\\/SexualAssaultHelp_TRANSPARENT-RETINA-LOGO_360x124.png?fit=360%2C124&ssl=1\",\"contentUrl\":\"https:\\\/\\\/i0.wp.com\\\/sexualassaulthelp.org\\\/wp-content\\\/uploads\\\/2020\\\/03\\\/SexualAssaultHelp_TRANSPARENT-RETINA-LOGO_360x124.png?fit=360%2C124&ssl=1\",\"width\":360,\"height\":124,\"caption\":\"Sexual Assault Help\"},\"image\":{\"@id\":\"https:\\\/\\\/sexualassaulthelp.org\\\/#\\\/schema\\\/logo\\\/image\\\/\"}}]}<\/script>\n<!-- \/ Yoast SEO plugin. -->","yoast_head_json":{"title":"Opciones de informes","description":"Las opciones de denuncia de agresi\u00f3n sexual incluyen denuncias an\u00f3nimas a las fuerzas del orden, denuncias parciales a las fuerzas del orden y denuncias completas a las fuerzas del orden.","robots":{"index":"index","follow":"follow","max-snippet":"max-snippet:-1","max-image-preview":"max-image-preview:large","max-video-preview":"max-video-preview:-1"},"canonical":"https:\/\/sexualassaulthelp.org\/es\/opciones-de-informes\/","og_locale":"es_ES","og_type":"article","og_title":"Opciones de informes","og_description":"Las opciones de denuncia de agresi\u00f3n sexual incluyen denuncias an\u00f3nimas a las fuerzas del orden, denuncias parciales a las fuerzas del orden y denuncias completas a las fuerzas del orden.","og_url":"https:\/\/sexualassaulthelp.org\/es\/opciones-de-informes\/","og_site_name":"Sexual Assault Help","article_modified_time":"2022-05-12T20:33:31+00:00","og_image":[{"url":"https:\/\/sexualassaulthelp.org\/wp-content\/uploads\/2020\/03\/iStock-1124715217.jpg","type":"","width":"","height":""}],"twitter_card":"summary_large_image","twitter_misc":{"Tiempo de lectura":"6 minutos"},"schema":{"@context":"https:\/\/schema.org","@graph":[{"@type":"WebPage","@id":"https:\/\/sexualassaulthelp.org\/es\/opciones-de-informes\/","url":"https:\/\/sexualassaulthelp.org\/es\/opciones-de-informes\/","name":"Opciones de informes","isPartOf":{"@id":"https:\/\/sexualassaulthelp.org\/#website"},"primaryImageOfPage":{"@id":"https:\/\/sexualassaulthelp.org\/es\/opciones-de-informes\/#primaryimage"},"image":{"@id":"https:\/\/sexualassaulthelp.org\/es\/opciones-de-informes\/#primaryimage"},"thumbnailUrl":"https:\/\/sexualassaulthelp.org\/wp-content\/uploads\/2020\/03\/iStock-1124715217.jpg","datePublished":"2021-08-23T19:50:19+00:00","dateModified":"2022-05-12T20:33:31+00:00","description":"Las opciones de denuncia de agresi\u00f3n sexual incluyen denuncias an\u00f3nimas a las fuerzas del orden, denuncias parciales a las fuerzas del orden y denuncias completas a las fuerzas del orden.","breadcrumb":{"@id":"https:\/\/sexualassaulthelp.org\/es\/opciones-de-informes\/#breadcrumb"},"inLanguage":"es","potentialAction":[{"@type":"ReadAction","target":["https:\/\/sexualassaulthelp.org\/es\/opciones-de-informes\/"]}]},{"@type":"ImageObject","inLanguage":"es","@id":"https:\/\/sexualassaulthelp.org\/es\/opciones-de-informes\/#primaryimage","url":"https:\/\/sexualassaulthelp.org\/wp-content\/uploads\/2020\/03\/iStock-1124715217.jpg","contentUrl":"https:\/\/sexualassaulthelp.org\/wp-content\/uploads\/2020\/03\/iStock-1124715217.jpg"},{"@type":"BreadcrumbList","@id":"https:\/\/sexualassaulthelp.org\/es\/opciones-de-informes\/#breadcrumb","itemListElement":[{"@type":"ListItem","position":1,"name":"Home","item":"https:\/\/sexualassaulthelp.org\/es\/"},{"@type":"ListItem","position":2,"name":"Opciones de informes"}]},{"@type":"WebSite","@id":"https:\/\/sexualassaulthelp.org\/#website","url":"https:\/\/sexualassaulthelp.org\/","name":"Sexual Assault Help","description":"","publisher":{"@id":"https:\/\/sexualassaulthelp.org\/#organization"},"potentialAction":[{"@type":"SearchAction","target":{"@type":"EntryPoint","urlTemplate":"https:\/\/sexualassaulthelp.org\/?s={search_term_string}"},"query-input":{"@type":"PropertyValueSpecification","valueRequired":true,"valueName":"search_term_string"}}],"inLanguage":"es"},{"@type":"Organization","@id":"https:\/\/sexualassaulthelp.org\/#organization","name":"Sexual Assault Help","url":"https:\/\/sexualassaulthelp.org\/","logo":{"@type":"ImageObject","inLanguage":"es","@id":"https:\/\/sexualassaulthelp.org\/#\/schema\/logo\/image\/","url":"https:\/\/i0.wp.com\/sexualassaulthelp.org\/wp-content\/uploads\/2020\/03\/SexualAssaultHelp_TRANSPARENT-RETINA-LOGO_360x124.png?fit=360%2C124&ssl=1","contentUrl":"https:\/\/i0.wp.com\/sexualassaulthelp.org\/wp-content\/uploads\/2020\/03\/SexualAssaultHelp_TRANSPARENT-RETINA-LOGO_360x124.png?fit=360%2C124&ssl=1","width":360,"height":124,"caption":"Sexual Assault Help"},"image":{"@id":"https:\/\/sexualassaulthelp.org\/#\/schema\/logo\/image\/"}}]}},"jetpack_likes_enabled":true,"jetpack_sharing_enabled":true,"jetpack_shortlink":"https:\/\/wp.me\/Pbujln-fB","_links":{"self":[{"href":"https:\/\/sexualassaulthelp.org\/es\/wp-json\/wp\/v2\/pages\/967","targetHints":{"allow":["GET"]}}],"collection":[{"href":"https:\/\/sexualassaulthelp.org\/es\/wp-json\/wp\/v2\/pages"}],"about":[{"href":"https:\/\/sexualassaulthelp.org\/es\/wp-json\/wp\/v2\/types\/page"}],"author":[{"embeddable":true,"href":"https:\/\/sexualassaulthelp.org\/es\/wp-json\/wp\/v2\/users\/175697080"}],"replies":[{"embeddable":true,"href":"https:\/\/sexualassaulthelp.org\/es\/wp-json\/wp\/v2\/comments?post=967"}],"version-history":[{"count":8,"href":"https:\/\/sexualassaulthelp.org\/es\/wp-json\/wp\/v2\/pages\/967\/revisions"}],"predecessor-version":[{"id":1193,"href":"https:\/\/sexualassaulthelp.org\/es\/wp-json\/wp\/v2\/pages\/967\/revisions\/1193"}],"wp:attachment":[{"href":"https:\/\/sexualassaulthelp.org\/es\/wp-json\/wp\/v2\/media?parent=967"}],"curies":[{"name":"wp","href":"https:\/\/api.w.org\/{rel}","templated":true}]}}