{"id":975,"date":"2021-08-23T20:02:20","date_gmt":"2021-08-23T20:02:20","guid":{"rendered":"https:\/\/sexualassaulthelp.org\/quien-puede-denunciar-de-forma-anonima\/"},"modified":"2021-11-22T20:22:19","modified_gmt":"2021-11-22T20:22:19","slug":"quien-puede-denunciar-de-forma-anonima","status":"publish","type":"page","link":"https:\/\/sexualassaulthelp.org\/es\/quien-puede-denunciar-de-forma-anonima\/","title":{"rendered":"\u00bfQui\u00e9n puede denunciar de forma an\u00f3nima?"},"content":{"rendered":"\n\n\t<h2>\n\t\t\t\t\t\u00bfQui\u00e9n puede denunciar de forma an\u00f3nima?\n\t\t\t\t<\/h2>\n\t<ul>\n<li>Personas mayores de 18 a\u00f1os de TODOS los g\u00e9neros, sexualidades y estatus migratorio (incluidas las personas indocumentadas)<\/li>\n<li>Personas que NO est\u00e9n gravemente heridas<\/li>\n<li>Individuos cuyo agresor NO us\u00f3 un arma<\/li>\n<\/ul>\n\t<p><strong>El cuadro mostrar\u00e1 las opciones de denuncia que tiene y si puede denunciar de forma an\u00f3nima. Es importante tener en cuenta que puede informar de forma an\u00f3nima en los condados de Douglas y Sarpy incluso si no reside en esos condados y si el asalto no ocurri\u00f3 all\u00ed.<\/strong><\/p>\n\t\t\t\t<img data-recalc-dims=\"1\" decoding=\"async\" src=\"https:\/\/i0.wp.com\/sexualassaulthelp.org\/wp-content\/uploads\/2021\/11\/Sexual-Assault-Help_Anonymous-Reporting-Chart_SPANISH.png?ssl=1\" alt=\"Sexual Assault Help_Anonymous Reporting Chart_SPANISH\" itemprop=\"image\"\/>\n\t<h2>\n\t\t\t\t\t\u00bfCu\u00e1les son mis opciones de informes?\n\t\t\t\t<\/h2>\n\t\t\t<p>Hay TRES formas de informar.<\/p>\n\t\t\t<a href=\"https:\/\/sexualassaulthelp.org\/es\/opciones-de-informes\/\" target=\"_self\" role=\"button\" rel=\"noopener\">\n\t\t\t\t\t\tAPRENDE M\u00c1S\n\t\t<\/a>\n\n","protected":false},"excerpt":{"rendered":"<p>\u00bfQui\u00e9n puede denunciar de forma an\u00f3nima? Personas mayores de 18 a\u00f1os de TODOS los g\u00e9neros, sexualidades y estatus migratorio (incluidas las personas indocumentadas) Personas que NO est\u00e9n gravemente heridas Individuos cuyo agresor NO us\u00f3 un arma El cuadro mostrar\u00e1 las opciones de denuncia que tiene y si puede denunciar de forma an\u00f3nima. Es importante tener [&hellip;]<\/p>\n","protected":false},"author":175697080,"featured_media":0,"parent":0,"menu_order":0,"comment_status":"closed","ping_status":"closed","template":"","meta":{"_coblocks_attr":"","_coblocks_dimensions":"","_coblocks_responsive_height":"","_coblocks_accordion_ie_support":"","_monsterinsights_skip_tracking":false,"_monsterinsights_sitenote_active":false,"_monsterinsights_sitenote_note":"","_monsterinsights_sitenote_category":0,"site-sidebar-layout":"no-sidebar","site-content-layout":"page-builder","ast-site-content-layout":"","site-content-style":"default","site-sidebar-style":"default","ast-global-header-display":"","ast-banner-title-visibility":"","ast-main-header-display":"","ast-hfb-above-header-display":"","ast-hfb-below-header-display":"","ast-hfb-mobile-header-display":"","site-post-title":"disabled","ast-breadcrumbs-content":"","ast-featured-img":"disabled","footer-sml-layout":"","theme-transparent-header-meta":"default","adv-header-id-meta":"","stick-header-meta":"","header-above-stick-meta":"","header-main-stick-meta":"","header-below-stick-meta":"","astra-migrate-meta-layouts":"default","ast-page-background-enabled":"default","ast-page-background-meta":{"desktop":{"background-color":"","background-image":"","background-repeat":"repeat","background-position":"center center","background-size":"auto","background-attachment":"scroll","background-type":"","background-media":"","overlay-type":"","overlay-color":"","overlay-gradient":""},"tablet":{"background-color":"","background-image":"","background-repeat":"repeat","background-position":"center center","background-size":"auto","background-attachment":"scroll","background-type":"","background-media":"","overlay-type":"","overlay-color":"","overlay-gradient":""},"mobile":{"background-color":"","background-image":"","background-repeat":"repeat","background-position":"center center","background-size":"auto","background-attachment":"scroll","background-type":"","background-media":"","overlay-type":"","overlay-color":"","overlay-gradient":""}},"ast-content-background-meta":{"desktop":{"background-color":"var(--ast-global-color-5)","background-image":"","background-repeat":"repeat","background-position":"center center","background-size":"auto","background-attachment":"scroll","background-type":"","background-media":"","overlay-type":"","overlay-color":"","overlay-gradient":""},"tablet":{"background-color":"var(--ast-global-color-5)","background-image":"","background-repeat":"repeat","background-position":"center center","background-size":"auto","background-attachment":"scroll","background-type":"","background-media":"","overlay-type":"","overlay-color":"","overlay-gradient":""},"mobile":{"background-color":"var(--ast-global-color-5)","background-image":"","background-repeat":"repeat","background-position":"center center","background-size":"auto","background-attachment":"scroll","background-type":"","background-media":"","overlay-type":"","overlay-color":"","overlay-gradient":""}},"footnotes":""},"class_list":["post-975","page","type-page","status-publish","hentry"],"yoast_head":"<!-- This site is optimized with the Yoast SEO plugin v27.4 - https:\/\/yoast.com\/product\/yoast-seo-wordpress\/ -->\n<title>\u00bfQui\u00e9n puede denunciar de forma an\u00f3nima?<\/title>\n<meta name=\"description\" content=\"\u00bfQui\u00e9n puede denunciar una agresi\u00f3n sexual? El t\u00e9rmino agresi\u00f3n sexual se refiere al contacto o comportamiento sexual que ocurre sin su consentimiento otorgado libremente.\" \/>\n<meta name=\"robots\" content=\"index, follow, max-snippet:-1, max-image-preview:large, max-video-preview:-1\" \/>\n<link rel=\"canonical\" href=\"https:\/\/sexualassaulthelp.org\/es\/quien-puede-denunciar-de-forma-anonima\/\" \/>\n<meta property=\"og:locale\" content=\"es_ES\" \/>\n<meta property=\"og:type\" content=\"article\" \/>\n<meta property=\"og:title\" content=\"\u00bfQui\u00e9n puede denunciar de forma an\u00f3nima?\" \/>\n<meta property=\"og:description\" content=\"\u00bfQui\u00e9n puede denunciar una agresi\u00f3n sexual? El t\u00e9rmino agresi\u00f3n sexual se refiere al contacto o comportamiento sexual que ocurre sin su consentimiento otorgado libremente.\" \/>\n<meta property=\"og:url\" content=\"https:\/\/sexualassaulthelp.org\/es\/quien-puede-denunciar-de-forma-anonima\/\" \/>\n<meta property=\"og:site_name\" content=\"Sexual Assault Help\" \/>\n<meta property=\"article:modified_time\" content=\"2021-11-22T20:22:19+00:00\" \/>\n<meta property=\"og:image\" content=\"https:\/\/sexualassaulthelp.org\/wp-content\/uploads\/2021\/11\/Sexual-Assault-Help_Anonymous-Reporting-Chart_SPANISH.png\" \/>\n<meta name=\"twitter:card\" content=\"summary_large_image\" \/>\n<meta name=\"twitter:label1\" content=\"Tiempo de lectura\" \/>\n\t<meta name=\"twitter:data1\" content=\"1 minuto\" \/>\n<script type=\"application\/ld+json\" class=\"yoast-schema-graph\">{\"@context\":\"https:\\\/\\\/schema.org\",\"@graph\":[{\"@type\":\"WebPage\",\"@id\":\"https:\\\/\\\/sexualassaulthelp.org\\\/es\\\/quien-puede-denunciar-de-forma-anonima\\\/\",\"url\":\"https:\\\/\\\/sexualassaulthelp.org\\\/es\\\/quien-puede-denunciar-de-forma-anonima\\\/\",\"name\":\"\u00bfQui\u00e9n puede denunciar de forma an\u00f3nima?\",\"isPartOf\":{\"@id\":\"https:\\\/\\\/sexualassaulthelp.org\\\/#website\"},\"primaryImageOfPage\":{\"@id\":\"https:\\\/\\\/sexualassaulthelp.org\\\/es\\\/quien-puede-denunciar-de-forma-anonima\\\/#primaryimage\"},\"image\":{\"@id\":\"https:\\\/\\\/sexualassaulthelp.org\\\/es\\\/quien-puede-denunciar-de-forma-anonima\\\/#primaryimage\"},\"thumbnailUrl\":\"https:\\\/\\\/sexualassaulthelp.org\\\/wp-content\\\/uploads\\\/2021\\\/11\\\/Sexual-Assault-Help_Anonymous-Reporting-Chart_SPANISH.png\",\"datePublished\":\"2021-08-23T20:02:20+00:00\",\"dateModified\":\"2021-11-22T20:22:19+00:00\",\"description\":\"\u00bfQui\u00e9n puede denunciar una agresi\u00f3n sexual? El t\u00e9rmino agresi\u00f3n sexual se refiere al contacto o comportamiento sexual que ocurre sin su consentimiento otorgado libremente.\",\"breadcrumb\":{\"@id\":\"https:\\\/\\\/sexualassaulthelp.org\\\/es\\\/quien-puede-denunciar-de-forma-anonima\\\/#breadcrumb\"},\"inLanguage\":\"es\",\"potentialAction\":[{\"@type\":\"ReadAction\",\"target\":[\"https:\\\/\\\/sexualassaulthelp.org\\\/es\\\/quien-puede-denunciar-de-forma-anonima\\\/\"]}]},{\"@type\":\"ImageObject\",\"inLanguage\":\"es\",\"@id\":\"https:\\\/\\\/sexualassaulthelp.org\\\/es\\\/quien-puede-denunciar-de-forma-anonima\\\/#primaryimage\",\"url\":\"https:\\\/\\\/sexualassaulthelp.org\\\/wp-content\\\/uploads\\\/2021\\\/11\\\/Sexual-Assault-Help_Anonymous-Reporting-Chart_SPANISH.png\",\"contentUrl\":\"https:\\\/\\\/sexualassaulthelp.org\\\/wp-content\\\/uploads\\\/2021\\\/11\\\/Sexual-Assault-Help_Anonymous-Reporting-Chart_SPANISH.png\"},{\"@type\":\"BreadcrumbList\",\"@id\":\"https:\\\/\\\/sexualassaulthelp.org\\\/es\\\/quien-puede-denunciar-de-forma-anonima\\\/#breadcrumb\",\"itemListElement\":[{\"@type\":\"ListItem\",\"position\":1,\"name\":\"Home\",\"item\":\"https:\\\/\\\/sexualassaulthelp.org\\\/es\\\/\"},{\"@type\":\"ListItem\",\"position\":2,\"name\":\"\u00bfQui\u00e9n puede denunciar de forma an\u00f3nima?\"}]},{\"@type\":\"WebSite\",\"@id\":\"https:\\\/\\\/sexualassaulthelp.org\\\/#website\",\"url\":\"https:\\\/\\\/sexualassaulthelp.org\\\/\",\"name\":\"Sexual Assault Help\",\"description\":\"\",\"publisher\":{\"@id\":\"https:\\\/\\\/sexualassaulthelp.org\\\/#organization\"},\"potentialAction\":[{\"@type\":\"SearchAction\",\"target\":{\"@type\":\"EntryPoint\",\"urlTemplate\":\"https:\\\/\\\/sexualassaulthelp.org\\\/?s={search_term_string}\"},\"query-input\":{\"@type\":\"PropertyValueSpecification\",\"valueRequired\":true,\"valueName\":\"search_term_string\"}}],\"inLanguage\":\"es\"},{\"@type\":\"Organization\",\"@id\":\"https:\\\/\\\/sexualassaulthelp.org\\\/#organization\",\"name\":\"Sexual Assault Help\",\"url\":\"https:\\\/\\\/sexualassaulthelp.org\\\/\",\"logo\":{\"@type\":\"ImageObject\",\"inLanguage\":\"es\",\"@id\":\"https:\\\/\\\/sexualassaulthelp.org\\\/#\\\/schema\\\/logo\\\/image\\\/\",\"url\":\"https:\\\/\\\/i0.wp.com\\\/sexualassaulthelp.org\\\/wp-content\\\/uploads\\\/2020\\\/03\\\/SexualAssaultHelp_TRANSPARENT-RETINA-LOGO_360x124.png?fit=360%2C124&ssl=1\",\"contentUrl\":\"https:\\\/\\\/i0.wp.com\\\/sexualassaulthelp.org\\\/wp-content\\\/uploads\\\/2020\\\/03\\\/SexualAssaultHelp_TRANSPARENT-RETINA-LOGO_360x124.png?fit=360%2C124&ssl=1\",\"width\":360,\"height\":124,\"caption\":\"Sexual Assault Help\"},\"image\":{\"@id\":\"https:\\\/\\\/sexualassaulthelp.org\\\/#\\\/schema\\\/logo\\\/image\\\/\"}}]}<\/script>\n<!-- \/ Yoast SEO plugin. -->","yoast_head_json":{"title":"\u00bfQui\u00e9n puede denunciar de forma an\u00f3nima?","description":"\u00bfQui\u00e9n puede denunciar una agresi\u00f3n sexual? El t\u00e9rmino agresi\u00f3n sexual se refiere al contacto o comportamiento sexual que ocurre sin su consentimiento otorgado libremente.","robots":{"index":"index","follow":"follow","max-snippet":"max-snippet:-1","max-image-preview":"max-image-preview:large","max-video-preview":"max-video-preview:-1"},"canonical":"https:\/\/sexualassaulthelp.org\/es\/quien-puede-denunciar-de-forma-anonima\/","og_locale":"es_ES","og_type":"article","og_title":"\u00bfQui\u00e9n puede denunciar de forma an\u00f3nima?","og_description":"\u00bfQui\u00e9n puede denunciar una agresi\u00f3n sexual? El t\u00e9rmino agresi\u00f3n sexual se refiere al contacto o comportamiento sexual que ocurre sin su consentimiento otorgado libremente.","og_url":"https:\/\/sexualassaulthelp.org\/es\/quien-puede-denunciar-de-forma-anonima\/","og_site_name":"Sexual Assault Help","article_modified_time":"2021-11-22T20:22:19+00:00","og_image":[{"url":"https:\/\/sexualassaulthelp.org\/wp-content\/uploads\/2021\/11\/Sexual-Assault-Help_Anonymous-Reporting-Chart_SPANISH.png","type":"","width":"","height":""}],"twitter_card":"summary_large_image","twitter_misc":{"Tiempo de lectura":"1 minuto"},"schema":{"@context":"https:\/\/schema.org","@graph":[{"@type":"WebPage","@id":"https:\/\/sexualassaulthelp.org\/es\/quien-puede-denunciar-de-forma-anonima\/","url":"https:\/\/sexualassaulthelp.org\/es\/quien-puede-denunciar-de-forma-anonima\/","name":"\u00bfQui\u00e9n puede denunciar de forma an\u00f3nima?","isPartOf":{"@id":"https:\/\/sexualassaulthelp.org\/#website"},"primaryImageOfPage":{"@id":"https:\/\/sexualassaulthelp.org\/es\/quien-puede-denunciar-de-forma-anonima\/#primaryimage"},"image":{"@id":"https:\/\/sexualassaulthelp.org\/es\/quien-puede-denunciar-de-forma-anonima\/#primaryimage"},"thumbnailUrl":"https:\/\/sexualassaulthelp.org\/wp-content\/uploads\/2021\/11\/Sexual-Assault-Help_Anonymous-Reporting-Chart_SPANISH.png","datePublished":"2021-08-23T20:02:20+00:00","dateModified":"2021-11-22T20:22:19+00:00","description":"\u00bfQui\u00e9n puede denunciar una agresi\u00f3n sexual? El t\u00e9rmino agresi\u00f3n sexual se refiere al contacto o comportamiento sexual que ocurre sin su consentimiento otorgado libremente.","breadcrumb":{"@id":"https:\/\/sexualassaulthelp.org\/es\/quien-puede-denunciar-de-forma-anonima\/#breadcrumb"},"inLanguage":"es","potentialAction":[{"@type":"ReadAction","target":["https:\/\/sexualassaulthelp.org\/es\/quien-puede-denunciar-de-forma-anonima\/"]}]},{"@type":"ImageObject","inLanguage":"es","@id":"https:\/\/sexualassaulthelp.org\/es\/quien-puede-denunciar-de-forma-anonima\/#primaryimage","url":"https:\/\/sexualassaulthelp.org\/wp-content\/uploads\/2021\/11\/Sexual-Assault-Help_Anonymous-Reporting-Chart_SPANISH.png","contentUrl":"https:\/\/sexualassaulthelp.org\/wp-content\/uploads\/2021\/11\/Sexual-Assault-Help_Anonymous-Reporting-Chart_SPANISH.png"},{"@type":"BreadcrumbList","@id":"https:\/\/sexualassaulthelp.org\/es\/quien-puede-denunciar-de-forma-anonima\/#breadcrumb","itemListElement":[{"@type":"ListItem","position":1,"name":"Home","item":"https:\/\/sexualassaulthelp.org\/es\/"},{"@type":"ListItem","position":2,"name":"\u00bfQui\u00e9n puede denunciar de forma an\u00f3nima?"}]},{"@type":"WebSite","@id":"https:\/\/sexualassaulthelp.org\/#website","url":"https:\/\/sexualassaulthelp.org\/","name":"Sexual Assault Help","description":"","publisher":{"@id":"https:\/\/sexualassaulthelp.org\/#organization"},"potentialAction":[{"@type":"SearchAction","target":{"@type":"EntryPoint","urlTemplate":"https:\/\/sexualassaulthelp.org\/?s={search_term_string}"},"query-input":{"@type":"PropertyValueSpecification","valueRequired":true,"valueName":"search_term_string"}}],"inLanguage":"es"},{"@type":"Organization","@id":"https:\/\/sexualassaulthelp.org\/#organization","name":"Sexual Assault Help","url":"https:\/\/sexualassaulthelp.org\/","logo":{"@type":"ImageObject","inLanguage":"es","@id":"https:\/\/sexualassaulthelp.org\/#\/schema\/logo\/image\/","url":"https:\/\/i0.wp.com\/sexualassaulthelp.org\/wp-content\/uploads\/2020\/03\/SexualAssaultHelp_TRANSPARENT-RETINA-LOGO_360x124.png?fit=360%2C124&ssl=1","contentUrl":"https:\/\/i0.wp.com\/sexualassaulthelp.org\/wp-content\/uploads\/2020\/03\/SexualAssaultHelp_TRANSPARENT-RETINA-LOGO_360x124.png?fit=360%2C124&ssl=1","width":360,"height":124,"caption":"Sexual Assault Help"},"image":{"@id":"https:\/\/sexualassaulthelp.org\/#\/schema\/logo\/image\/"}}]}},"jetpack_likes_enabled":true,"jetpack_sharing_enabled":true,"jetpack_shortlink":"https:\/\/wp.me\/Pbujln-fJ","_links":{"self":[{"href":"https:\/\/sexualassaulthelp.org\/es\/wp-json\/wp\/v2\/pages\/975","targetHints":{"allow":["GET"]}}],"collection":[{"href":"https:\/\/sexualassaulthelp.org\/es\/wp-json\/wp\/v2\/pages"}],"about":[{"href":"https:\/\/sexualassaulthelp.org\/es\/wp-json\/wp\/v2\/types\/page"}],"author":[{"embeddable":true,"href":"https:\/\/sexualassaulthelp.org\/es\/wp-json\/wp\/v2\/users\/175697080"}],"replies":[{"embeddable":true,"href":"https:\/\/sexualassaulthelp.org\/es\/wp-json\/wp\/v2\/comments?post=975"}],"version-history":[{"count":3,"href":"https:\/\/sexualassaulthelp.org\/es\/wp-json\/wp\/v2\/pages\/975\/revisions"}],"predecessor-version":[{"id":1077,"href":"https:\/\/sexualassaulthelp.org\/es\/wp-json\/wp\/v2\/pages\/975\/revisions\/1077"}],"wp:attachment":[{"href":"https:\/\/sexualassaulthelp.org\/es\/wp-json\/wp\/v2\/media?parent=975"}],"curies":[{"name":"wp","href":"https:\/\/api.w.org\/{rel}","templated":true}]}}