{"id":981,"date":"2021-08-25T18:59:26","date_gmt":"2021-08-25T18:59:26","guid":{"rendered":"https:\/\/sexualassaulthelp.org\/que-esperar-si-denuncia-una-agresion-sexual\/"},"modified":"2024-07-18T19:11:38","modified_gmt":"2024-07-18T19:11:38","slug":"que-esperar-si-denuncia-una-agresion-sexual","status":"publish","type":"page","link":"https:\/\/sexualassaulthelp.org\/es\/que-esperar-si-denuncia-una-agresion-sexual\/","title":{"rendered":"Qu\u00e9 esperar si denuncia una agresi\u00f3n sexual"},"content":{"rendered":"\n\n\t<h1>\n\t\t\t\t\tWhat to Expect if You Report a Sexual Assault\n\t\t\t\t<\/h1>\n\t<p><strong>All reporting options include:<\/strong><\/p>\n\t<h3>\n\t\t\t\t\tFree Advocacy\n\t\t\t\t<\/h3>\n\t\t\t<p>Advocates are first responders for victims of sexual assault.<\/p>\n\t\t\t<a href=\"https:\/\/sexualassaulthelp.org\/es\/que-esperar-si-denuncia-una-agresion-sexual\/#freeadvocacy\" target=\"_self\" role=\"button\" rel=\"noopener\">\n\t\t\t\t\t\tAPRENDE M\u00c1S\n\t\t<\/a>\n\t<h3>\n\t\t\t\t\tEvidence Collection\n\t\t\t\t<\/h3>\n\t\t\t<p>Access medical care at any hospital regardless of where the assault occurred.<\/p>\n\t\t\t<a href=\"https:\/\/sexualassaulthelp.org\/es\/que-esperar-si-denuncia-una-agresion-sexual\/#evidencecollection\" target=\"_self\" role=\"button\" rel=\"noopener\">\n\t\t\t\t\t\tAPRENDE M\u00c1S\n\t\t<\/a>\n\t<h3>\n\t\t\t\t\tTreatment\n\t\t\t\t<\/h3>\n\t\t\t<p>You will be offered prevention or treatment by a Sexual Assault Nurse Examiner (SANE).<\/p>\n\t\t\t<a href=\"https:\/\/sexualassaulthelp.org\/es\/que-esperar-si-denuncia-una-agresion-sexual\/#treatment\" target=\"_self\" role=\"button\" rel=\"noopener\">\n\t\t\t\t\t\tAPRENDE M\u00c1S\n\t\t<\/a>\n\t<p><strong>\u00bfCu\u00e1les son mis derechos como sobreviviente?<\/strong><\/p>\n<p>La <a href=\"https:\/\/nebraskalegislature.gov\/laws\/statutes.php?statute=81-1848\">Ley de Derechos de las V\u00edctimas de Agresi\u00f3n Sexual<\/a> y <a href=\"https:\/\/nebraskalegislature.gov\/laws\/statutes.php?statute=81-1848\">los Derechos de las V\u00edctimas del Crimen<\/a> ofrecen a los sobrevivientes derechos espec\u00edficos durante el proceso de examen m\u00e9dico, la recopilaci\u00f3n de pruebas forenses, durante las entrevistas y declaraciones, y en los tribunales. Los sobrevivientes tienen estos derechos incluso si deciden no participar en el proceso legal penal. <a href=\"https:\/\/www.omahawomensfund.org\/download\/12244\/?tmstv=1721329342\"><strong>Para obtener m\u00e1s informaci\u00f3n vea nuestro Explicador de la Declaraci\u00f3n de derechos de los sobrevivientes.<\/strong><\/a><\/p>\n\t<h2><strong>Apoyo Gratis <\/strong><\/h2>\n\t<p>Los defensores son los primeros en responder a las v\u00edctimas de agresi\u00f3n sexual. Es una persona compasiva y sin prejuicios a la que puede contactar y que puede guiarle a trav\u00e9s de conversaciones confidenciales e informadas sobre su situaci\u00f3n. Pueden guiarla\/o a trav\u00e9s de los diversos sistemas que puede encontrar, incluido el sistema de justicia penal, el sistema legal, el sistema m\u00e9dico, el sistema de protecci\u00f3n y seguridad infantil y los servicios humanos y de salud.<\/p>\n<p>&nbsp;<\/p>\n<p>Los defensores est\u00e1n disponibles las 24 horas del d\u00eda, los 7 d\u00edas de la semana. En el condado de Douglas, puede llamar a la l\u00ednea directa confidencial 24\/7 del Women&#8217;s Center for Advancement (WCA) al 402-345-7273. Si se encuentra en el condado de Sarpy, llame a la l\u00ednea directa confidencial de Heartland Family Service (HFS) las 24 horas del d\u00eda, los 7 d\u00edas de la semana al 800-523-3666. Tambi\u00e9n puede conectarse con defensores a trav\u00e9s de visitas sin cita previa o programar una cita en persona en una agencia que tenga m\u00e1s sentido para usted.<\/p>\n<p>&nbsp;<\/p>\n<p>Si lo admiten en un hospital, un\/a defensora debe estar all\u00ed para reunirse con usted dentro de los 30 minutos (a menos que se niegue a que se comunique con un\/a Defensor\/a). Est\u00e1n ah\u00ed para apoyarte. Pueden solicitarle un descanso o hablar en privado con usted si lo desea. Adem\u00e1s, si lo desea, los defensores le brindar\u00e1n lo siguiente: asistencia para crear un plan de seguridad personalizado, informaci\u00f3n de seguimiento, informaci\u00f3n sobre sus derechos en el proceso, qu\u00e9 esperar del personal m\u00e9dico y la polic\u00eda y cualquier informaci\u00f3n adicional necesaria.<\/p>\n\t<h2><strong>Recolecci\u00f3n de evidencias<\/strong><\/h2>\n<h2>vidence<\/h2>\n\t<p>Puede acceder a la atenci\u00f3n m\u00e9dica en cualquier hospital sin importar d\u00f3nde ocurri\u00f3 el asalto. Si va a la sala de emergencias (ER) de un hospital y le dice al personal del hospital que fue agredida sexualmente, ellos llamar\u00e1n a un\/a enfermero\/a examinadora de agresi\u00f3n sexual (SANE). Le trasladar\u00e1n del \u00e1rea de espera general a una sala de examen privada lo antes posible.<\/p>\n<p>&nbsp;<\/p>\n<p>Si puede, es mejor evitar ducharse, ba\u00f1arse, cepillarse los dientes o cambiarse de ropa antes de llegar a la sala de emergencias. Si puede, puede traer una muda de ropa, pero los hospitales le proporcionar\u00e1n ropa si la necesita. Si debe cambiarse de ropa antes de llegar a la sala de emergencias, lleve la otra ropa al hospital sin lavar.<\/p>\n<p>Cuando llegue el SANE, le preguntar\u00e1n si desea someterse a un examen forense de agresi\u00f3n sexual, com\u00fanmente conocido como \u00abkit de violaci\u00f3n\u00bb. Este examen recopilar\u00e1 posibles pruebas de ADN y le brindar\u00e1 atenci\u00f3n y tratamiento m\u00e9dicos importantes. La evidencia de ADN es importante si alguna vez desea informar a la polic\u00eda m\u00e1s adelante y emprender acciones legales contra el perpetrador. El SANE le informar\u00e1 el prop\u00f3sito del examen y todas las partes del examen a medida que se realice, y obtendr\u00e1 su consentimiento firmado.<\/p>\n<p>&nbsp;<\/p>\n<p>Sepa que puede detener, pausar u omitir un paso del examen en cualquier momento. El examen puede durar varias horas. Puede estar acompa\u00f1ado por una persona de apoyo o un\/a Defensor\/a durante el examen.<\/p>\n<p>&nbsp;<\/p>\n<p>La evidencia recopilada durante el examen se denomina kit de agresi\u00f3n sexual. Cuando se complete el examen, la polic\u00eda recoger\u00e1 el kit de agresi\u00f3n sexual. Si elige un informe completo o parcial, el kit se transferir\u00e1 al laboratorio de criminal\u00edstica y se analizar\u00e1 su ADN. Si decide denunciar de forma an\u00f3nima, el equipo de agresi\u00f3n sexual se entregar\u00e1 a las fuerzas del orden p\u00fablico del hospital, pero el equipo NO incluir\u00e1 su nombre en ninguna parte del equipo o del papeleo, a menos que usted lo autorice. Se le asignar\u00e1 y se le proporcionar\u00e1 un n\u00famero que corresponde al kit forense.<\/p>\n<p>&nbsp;<\/p>\n<p>Es importante tener en cuenta que, si bien el examen forense es gratuito, puede haber costos adicionales asociados. Obtenga m\u00e1s informaci\u00f3n sobre los costos adicionales en la secci\u00f3n de tratamiento a continuaci\u00f3n.<\/p>\n\t<h2><strong>Tratamiento<\/strong><\/h2>\n\t<p>Durante su <a href=\"https:\/\/sexualassaulthelp.org\/es\/preguntas-frecuentes-definiciones\/#definitions\">examen forense de agresi\u00f3n<\/a><u> sexual<\/u>, tambi\u00e9n se le ofrecer\u00e1n los siguientes tratamientos y medidas preventivas:<\/p>\n<ul>\n<li>Prevenci\u00f3n de infecciones de transmisi\u00f3n sexual (ITS)<\/li>\n<li>Prevenci\u00f3n del VIH (tambi\u00e9n conocida como terapia nPEP)<\/li>\n<li>Prevenci\u00f3n del embarazo (se le proporcionar\u00e1 anticoncepci\u00f3n de emergencia si lo solicita y una vez que se haya determinado que no estaba embarazada antes de la agresi\u00f3n)<\/li>\n<li>Evaluaci\u00f3n y tratamiento de lesiones<\/li>\n<\/ul>\n<p><strong>Es posible que se le cobren tarifas adicionales <\/strong>si se evaluaron o trataron lesiones o si se le recetaron medicamentos. Existen programas de compensaci\u00f3n para v\u00edctimas que pueden ayudar a cubrir algunos de los gastos. Su SANE tambi\u00e9n le proporcionar\u00e1 informaci\u00f3n sobre atenci\u00f3n m\u00e9dica de seguimiento gratuita y de bajo costo con proveedores que tienen experiencia en el tratamiento de sobrevivientes de agresi\u00f3n sexual<strong>.<\/strong><\/p>\n\t<h2>\n\t\t\t\t\tWhere Can You Seek Help?\n\t\t\t\t<\/h2>\n\t\t\t<p>Support is available to you.<\/p>\n\t\t\t<a href=\"https:\/\/sexualassaulthelp.org\/es\/donde-puede-buscar-ayuda\/\" target=\"_self\" role=\"button\" rel=\"noopener\">\n\t\t\t\t\t\tVER OPCIONES\n\t\t<\/a>\n\n","protected":false},"excerpt":{"rendered":"<p>What to Expect if You Report a Sexual Assault All reporting options include: Free Advocacy Advocates are first responders for victims of sexual assault. APRENDE M\u00c1S Evidence Collection Access medical care at any hospital regardless of where the assault occurred. APRENDE M\u00c1S Treatment You will be offered prevention or treatment by a Sexual Assault Nurse [&hellip;]<\/p>\n","protected":false},"author":175697080,"featured_media":0,"parent":0,"menu_order":0,"comment_status":"closed","ping_status":"closed","template":"","meta":{"_coblocks_attr":"","_coblocks_dimensions":"","_coblocks_responsive_height":"","_coblocks_accordion_ie_support":"","_monsterinsights_skip_tracking":false,"_monsterinsights_sitenote_active":false,"_monsterinsights_sitenote_note":"","_monsterinsights_sitenote_category":0,"site-sidebar-layout":"no-sidebar","site-content-layout":"page-builder","ast-site-content-layout":"","site-content-style":"default","site-sidebar-style":"default","ast-global-header-display":"","ast-banner-title-visibility":"","ast-main-header-display":"","ast-hfb-above-header-display":"","ast-hfb-below-header-display":"","ast-hfb-mobile-header-display":"","site-post-title":"disabled","ast-breadcrumbs-content":"","ast-featured-img":"disabled","footer-sml-layout":"","theme-transparent-header-meta":"default","adv-header-id-meta":"","stick-header-meta":"","header-above-stick-meta":"","header-main-stick-meta":"","header-below-stick-meta":"","astra-migrate-meta-layouts":"default","ast-page-background-enabled":"default","ast-page-background-meta":{"desktop":{"background-color":"","background-image":"","background-repeat":"repeat","background-position":"center center","background-size":"auto","background-attachment":"scroll","background-type":"","background-media":"","overlay-type":"","overlay-color":"","overlay-gradient":""},"tablet":{"background-color":"","background-image":"","background-repeat":"repeat","background-position":"center center","background-size":"auto","background-attachment":"scroll","background-type":"","background-media":"","overlay-type":"","overlay-color":"","overlay-gradient":""},"mobile":{"background-color":"","background-image":"","background-repeat":"repeat","background-position":"center center","background-size":"auto","background-attachment":"scroll","background-type":"","background-media":"","overlay-type":"","overlay-color":"","overlay-gradient":""}},"ast-content-background-meta":{"desktop":{"background-color":"var(--ast-global-color-5)","background-image":"","background-repeat":"repeat","background-position":"center center","background-size":"auto","background-attachment":"scroll","background-type":"","background-media":"","overlay-type":"","overlay-color":"","overlay-gradient":""},"tablet":{"background-color":"var(--ast-global-color-5)","background-image":"","background-repeat":"repeat","background-position":"center center","background-size":"auto","background-attachment":"scroll","background-type":"","background-media":"","overlay-type":"","overlay-color":"","overlay-gradient":""},"mobile":{"background-color":"var(--ast-global-color-5)","background-image":"","background-repeat":"repeat","background-position":"center center","background-size":"auto","background-attachment":"scroll","background-type":"","background-media":"","overlay-type":"","overlay-color":"","overlay-gradient":""}},"footnotes":""},"class_list":["post-981","page","type-page","status-publish","hentry"],"yoast_head":"<!-- This site is optimized with the Yoast SEO plugin v27.4 - https:\/\/yoast.com\/product\/yoast-seo-wordpress\/ -->\n<title>Qu\u00e9 esperar si denuncia una agresi\u00f3n sexual - Sexual Assault Help<\/title>\n<meta name=\"description\" content=\"\u00bfQu\u00e9 esperar si denuncia una agresi\u00f3n sexual? Todas las opciones de presentaci\u00f3n de informes incluyen defensa gratuita, recopilaci\u00f3n de pruebas y tratamiento m\u00e9dico gratuitos.\" \/>\n<meta name=\"robots\" content=\"index, follow, max-snippet:-1, max-image-preview:large, max-video-preview:-1\" \/>\n<link rel=\"canonical\" href=\"https:\/\/sexualassaulthelp.org\/es\/que-esperar-si-denuncia-una-agresion-sexual\/\" \/>\n<meta property=\"og:locale\" content=\"es_ES\" \/>\n<meta property=\"og:type\" content=\"article\" \/>\n<meta property=\"og:title\" content=\"Qu\u00e9 esperar si denuncia una agresi\u00f3n sexual - Sexual Assault Help\" \/>\n<meta property=\"og:description\" content=\"\u00bfQu\u00e9 esperar si denuncia una agresi\u00f3n sexual? Todas las opciones de presentaci\u00f3n de informes incluyen defensa gratuita, recopilaci\u00f3n de pruebas y tratamiento m\u00e9dico gratuitos.\" \/>\n<meta property=\"og:url\" content=\"https:\/\/sexualassaulthelp.org\/es\/que-esperar-si-denuncia-una-agresion-sexual\/\" \/>\n<meta property=\"og:site_name\" content=\"Sexual Assault Help\" \/>\n<meta property=\"article:modified_time\" content=\"2024-07-18T19:11:38+00:00\" \/>\n<meta name=\"twitter:card\" content=\"summary_large_image\" \/>\n<meta name=\"twitter:label1\" content=\"Tiempo de lectura\" \/>\n\t<meta name=\"twitter:data1\" content=\"5 minutos\" \/>\n<script type=\"application\/ld+json\" class=\"yoast-schema-graph\">{\"@context\":\"https:\\\/\\\/schema.org\",\"@graph\":[{\"@type\":\"WebPage\",\"@id\":\"https:\\\/\\\/sexualassaulthelp.org\\\/es\\\/que-esperar-si-denuncia-una-agresion-sexual\\\/\",\"url\":\"https:\\\/\\\/sexualassaulthelp.org\\\/es\\\/que-esperar-si-denuncia-una-agresion-sexual\\\/\",\"name\":\"Qu\u00e9 esperar si denuncia una agresi\u00f3n sexual - Sexual Assault Help\",\"isPartOf\":{\"@id\":\"https:\\\/\\\/sexualassaulthelp.org\\\/#website\"},\"datePublished\":\"2021-08-25T18:59:26+00:00\",\"dateModified\":\"2024-07-18T19:11:38+00:00\",\"description\":\"\u00bfQu\u00e9 esperar si denuncia una agresi\u00f3n sexual? Todas las opciones de presentaci\u00f3n de informes incluyen defensa gratuita, recopilaci\u00f3n de pruebas y tratamiento m\u00e9dico gratuitos.\",\"breadcrumb\":{\"@id\":\"https:\\\/\\\/sexualassaulthelp.org\\\/es\\\/que-esperar-si-denuncia-una-agresion-sexual\\\/#breadcrumb\"},\"inLanguage\":\"es\",\"potentialAction\":[{\"@type\":\"ReadAction\",\"target\":[\"https:\\\/\\\/sexualassaulthelp.org\\\/es\\\/que-esperar-si-denuncia-una-agresion-sexual\\\/\"]}]},{\"@type\":\"BreadcrumbList\",\"@id\":\"https:\\\/\\\/sexualassaulthelp.org\\\/es\\\/que-esperar-si-denuncia-una-agresion-sexual\\\/#breadcrumb\",\"itemListElement\":[{\"@type\":\"ListItem\",\"position\":1,\"name\":\"Home\",\"item\":\"https:\\\/\\\/sexualassaulthelp.org\\\/es\\\/\"},{\"@type\":\"ListItem\",\"position\":2,\"name\":\"Qu\u00e9 esperar si denuncia una agresi\u00f3n sexual\"}]},{\"@type\":\"WebSite\",\"@id\":\"https:\\\/\\\/sexualassaulthelp.org\\\/#website\",\"url\":\"https:\\\/\\\/sexualassaulthelp.org\\\/\",\"name\":\"Sexual Assault Help\",\"description\":\"\",\"publisher\":{\"@id\":\"https:\\\/\\\/sexualassaulthelp.org\\\/#organization\"},\"potentialAction\":[{\"@type\":\"SearchAction\",\"target\":{\"@type\":\"EntryPoint\",\"urlTemplate\":\"https:\\\/\\\/sexualassaulthelp.org\\\/?s={search_term_string}\"},\"query-input\":{\"@type\":\"PropertyValueSpecification\",\"valueRequired\":true,\"valueName\":\"search_term_string\"}}],\"inLanguage\":\"es\"},{\"@type\":\"Organization\",\"@id\":\"https:\\\/\\\/sexualassaulthelp.org\\\/#organization\",\"name\":\"Sexual Assault Help\",\"url\":\"https:\\\/\\\/sexualassaulthelp.org\\\/\",\"logo\":{\"@type\":\"ImageObject\",\"inLanguage\":\"es\",\"@id\":\"https:\\\/\\\/sexualassaulthelp.org\\\/#\\\/schema\\\/logo\\\/image\\\/\",\"url\":\"https:\\\/\\\/i0.wp.com\\\/sexualassaulthelp.org\\\/wp-content\\\/uploads\\\/2020\\\/03\\\/SexualAssaultHelp_TRANSPARENT-RETINA-LOGO_360x124.png?fit=360%2C124&ssl=1\",\"contentUrl\":\"https:\\\/\\\/i0.wp.com\\\/sexualassaulthelp.org\\\/wp-content\\\/uploads\\\/2020\\\/03\\\/SexualAssaultHelp_TRANSPARENT-RETINA-LOGO_360x124.png?fit=360%2C124&ssl=1\",\"width\":360,\"height\":124,\"caption\":\"Sexual Assault Help\"},\"image\":{\"@id\":\"https:\\\/\\\/sexualassaulthelp.org\\\/#\\\/schema\\\/logo\\\/image\\\/\"}}]}<\/script>\n<!-- \/ Yoast SEO plugin. -->","yoast_head_json":{"title":"Qu\u00e9 esperar si denuncia una agresi\u00f3n sexual - Sexual Assault Help","description":"\u00bfQu\u00e9 esperar si denuncia una agresi\u00f3n sexual? Todas las opciones de presentaci\u00f3n de informes incluyen defensa gratuita, recopilaci\u00f3n de pruebas y tratamiento m\u00e9dico gratuitos.","robots":{"index":"index","follow":"follow","max-snippet":"max-snippet:-1","max-image-preview":"max-image-preview:large","max-video-preview":"max-video-preview:-1"},"canonical":"https:\/\/sexualassaulthelp.org\/es\/que-esperar-si-denuncia-una-agresion-sexual\/","og_locale":"es_ES","og_type":"article","og_title":"Qu\u00e9 esperar si denuncia una agresi\u00f3n sexual - Sexual Assault Help","og_description":"\u00bfQu\u00e9 esperar si denuncia una agresi\u00f3n sexual? Todas las opciones de presentaci\u00f3n de informes incluyen defensa gratuita, recopilaci\u00f3n de pruebas y tratamiento m\u00e9dico gratuitos.","og_url":"https:\/\/sexualassaulthelp.org\/es\/que-esperar-si-denuncia-una-agresion-sexual\/","og_site_name":"Sexual Assault Help","article_modified_time":"2024-07-18T19:11:38+00:00","twitter_card":"summary_large_image","twitter_misc":{"Tiempo de lectura":"5 minutos"},"schema":{"@context":"https:\/\/schema.org","@graph":[{"@type":"WebPage","@id":"https:\/\/sexualassaulthelp.org\/es\/que-esperar-si-denuncia-una-agresion-sexual\/","url":"https:\/\/sexualassaulthelp.org\/es\/que-esperar-si-denuncia-una-agresion-sexual\/","name":"Qu\u00e9 esperar si denuncia una agresi\u00f3n sexual - Sexual Assault Help","isPartOf":{"@id":"https:\/\/sexualassaulthelp.org\/#website"},"datePublished":"2021-08-25T18:59:26+00:00","dateModified":"2024-07-18T19:11:38+00:00","description":"\u00bfQu\u00e9 esperar si denuncia una agresi\u00f3n sexual? Todas las opciones de presentaci\u00f3n de informes incluyen defensa gratuita, recopilaci\u00f3n de pruebas y tratamiento m\u00e9dico gratuitos.","breadcrumb":{"@id":"https:\/\/sexualassaulthelp.org\/es\/que-esperar-si-denuncia-una-agresion-sexual\/#breadcrumb"},"inLanguage":"es","potentialAction":[{"@type":"ReadAction","target":["https:\/\/sexualassaulthelp.org\/es\/que-esperar-si-denuncia-una-agresion-sexual\/"]}]},{"@type":"BreadcrumbList","@id":"https:\/\/sexualassaulthelp.org\/es\/que-esperar-si-denuncia-una-agresion-sexual\/#breadcrumb","itemListElement":[{"@type":"ListItem","position":1,"name":"Home","item":"https:\/\/sexualassaulthelp.org\/es\/"},{"@type":"ListItem","position":2,"name":"Qu\u00e9 esperar si denuncia una agresi\u00f3n sexual"}]},{"@type":"WebSite","@id":"https:\/\/sexualassaulthelp.org\/#website","url":"https:\/\/sexualassaulthelp.org\/","name":"Sexual Assault Help","description":"","publisher":{"@id":"https:\/\/sexualassaulthelp.org\/#organization"},"potentialAction":[{"@type":"SearchAction","target":{"@type":"EntryPoint","urlTemplate":"https:\/\/sexualassaulthelp.org\/?s={search_term_string}"},"query-input":{"@type":"PropertyValueSpecification","valueRequired":true,"valueName":"search_term_string"}}],"inLanguage":"es"},{"@type":"Organization","@id":"https:\/\/sexualassaulthelp.org\/#organization","name":"Sexual Assault Help","url":"https:\/\/sexualassaulthelp.org\/","logo":{"@type":"ImageObject","inLanguage":"es","@id":"https:\/\/sexualassaulthelp.org\/#\/schema\/logo\/image\/","url":"https:\/\/i0.wp.com\/sexualassaulthelp.org\/wp-content\/uploads\/2020\/03\/SexualAssaultHelp_TRANSPARENT-RETINA-LOGO_360x124.png?fit=360%2C124&ssl=1","contentUrl":"https:\/\/i0.wp.com\/sexualassaulthelp.org\/wp-content\/uploads\/2020\/03\/SexualAssaultHelp_TRANSPARENT-RETINA-LOGO_360x124.png?fit=360%2C124&ssl=1","width":360,"height":124,"caption":"Sexual Assault Help"},"image":{"@id":"https:\/\/sexualassaulthelp.org\/#\/schema\/logo\/image\/"}}]}},"jetpack_likes_enabled":true,"jetpack_sharing_enabled":true,"jetpack_shortlink":"https:\/\/wp.me\/Pbujln-fP","_links":{"self":[{"href":"https:\/\/sexualassaulthelp.org\/es\/wp-json\/wp\/v2\/pages\/981","targetHints":{"allow":["GET"]}}],"collection":[{"href":"https:\/\/sexualassaulthelp.org\/es\/wp-json\/wp\/v2\/pages"}],"about":[{"href":"https:\/\/sexualassaulthelp.org\/es\/wp-json\/wp\/v2\/types\/page"}],"author":[{"embeddable":true,"href":"https:\/\/sexualassaulthelp.org\/es\/wp-json\/wp\/v2\/users\/175697080"}],"replies":[{"embeddable":true,"href":"https:\/\/sexualassaulthelp.org\/es\/wp-json\/wp\/v2\/comments?post=981"}],"version-history":[{"count":7,"href":"https:\/\/sexualassaulthelp.org\/es\/wp-json\/wp\/v2\/pages\/981\/revisions"}],"predecessor-version":[{"id":1655,"href":"https:\/\/sexualassaulthelp.org\/es\/wp-json\/wp\/v2\/pages\/981\/revisions\/1655"}],"wp:attachment":[{"href":"https:\/\/sexualassaulthelp.org\/es\/wp-json\/wp\/v2\/media?parent=981"}],"curies":[{"name":"wp","href":"https:\/\/api.w.org\/{rel}","templated":true}]}}