{"id":983,"date":"2021-08-25T19:09:58","date_gmt":"2021-08-25T19:09:58","guid":{"rendered":"https:\/\/sexualassaulthelp.org\/donde-puede-buscar-ayuda\/"},"modified":"2022-03-03T20:23:14","modified_gmt":"2022-03-03T20:23:14","slug":"donde-puede-buscar-ayuda","status":"publish","type":"page","link":"https:\/\/sexualassaulthelp.org\/es\/donde-puede-buscar-ayuda\/","title":{"rendered":"\u00bfD\u00f3nde puede buscar ayuda?"},"content":{"rendered":"\n\n\t<h2>\n\t\t\t\t\t\u00bfD\u00f3nde puede buscar ayuda?\n\t\t\t\t<\/h2>\n\t\t\t<p>Un asterisco (*) indica que los servicios est\u00e1n disponibles en espa\u00f1ol.<\/p>\n\t\t\t\t<img data-recalc-dims=\"1\" decoding=\"async\" src=\"https:\/\/i0.wp.com\/sexualassaulthelp.org\/wp-content\/uploads\/2020\/03\/iStock-535518453.jpg?ssl=1\" alt=\"young woman embracing senior woman, both happy together, isolated on white\" itemprop=\"image\"\/>\n\t<h3>\n\t\t\t\t\tDefensa Local*\n\t\t\t\t<\/h3>\n\t\t\t<a href=\"https:\/\/sexualassaulthelp.org\/es\/donde-puede-buscar-ayuda\/#localadvocacy\" target=\"_self\" role=\"button\" rel=\"noopener\">\n\t\t\t\t\t\tAPRENDE M\u00c1S\n\t\t<\/a>\n\t<h3>\n\t\t\t\t\tEstudiante\/<br \/>Defensa del Campus\n\t\t\t\t<\/h3>\n\t\t\t<a href=\"https:\/\/sexualassaulthelp.org\/es\/donde-puede-buscar-ayuda\/#student\" target=\"_self\" role=\"button\" rel=\"noopener\">\n\t\t\t\t\t\tAPRENDE M\u00c1S\n\t\t<\/a>\n\t<h3>\n\t\t\t\t\tM\u00e9dica*\n\t\t\t\t<\/h3>\n\t\t\t<a href=\"https:\/\/sexualassaulthelp.org\/es\/donde-puede-buscar-ayuda\/#medical\" target=\"_self\" role=\"button\" rel=\"noopener\">\n\t\t\t\t\t\tAPRENDE M\u00c1S\n\t\t<\/a>\n\t<h3>\n\t\t\t\t\tDefensa Nacional*\n\t\t\t\t<\/h3>\n\t\t\t<a href=\"https:\/\/sexualassaulthelp.org\/es\/donde-puede-buscar-ayuda\/#nationaladvocacy\" target=\"_self\" role=\"button\" rel=\"noopener\">\n\t\t\t\t\t\tAPRENDE M\u00c1S\n\t\t<\/a>\n\t<h3>\n\t\t\t\t\tDefensa Militar\n\t\t\t\t<\/h3>\n\t\t\t<a href=\"https:\/\/sexualassaulthelp.org\/es\/donde-puede-buscar-ayuda\/#military\" target=\"_self\" role=\"button\" rel=\"noopener\">\n\t\t\t\t\t\tAPRENDE M\u00c1S\n\t\t<\/a>\n\t<h3>\n\t\t\t\t\tProgramas estatales\n\t\t\t\t<\/h3>\n\t\t\t<a href=\"https:\/\/sexualassaulthelp.org\/es\/donde-puede-buscar-ayuda\/#statewide\" target=\"_self\" role=\"button\" rel=\"noopener\">\n\t\t\t\t\t\tAPRENDE M\u00c1S\n\t\t<\/a>\n\t<h2>\n\t\t\t\t\tDefensa Local\n\t\t\t\t<\/h2>\n\t\t\t<p><a href=\"https:\/\/sexualassaulthelp.org\/es\/preguntas-frecuentes-definiciones\/#definitions\">Los defensores<\/a> pueden proporcionar a las v\u00edctimas informaci\u00f3n, apoyo emocional y referencias a otros recursos. Pueden guiarle a trav\u00e9s de los diversos sistemas que puede encontrar, incluido el sistema de justicia penal, el sistema legal, el sistema m\u00e9dico, el sistema de protecci\u00f3n y seguridad infantil y los servicios humanos y de salud. Cualquiera puede acceder de forma gratuita a los programas confidenciales de defensa a continuaci\u00f3n.<\/p>\n\t<p><strong>CONDADO DE DOUGLAS<\/strong><\/p>\n<strong>Women&#8217;s Center for Advancement (WCA)<\/strong><br \/>\n3801 Harney Street<br \/>\nOmaha, NE 68131<br \/>\n<em>24\/7 L\u00ednea directa e:<\/em>\u00a0402-345-7273<br \/>\n<a href=\"mailto:info@wcaomaha.org\"><em>Email<\/em><\/a><em>\u00a0\u00a0<\/em>|\u00a0\u00a0<a href=\"http:\/\/wcaomaha.org\/es\"><em>Website<\/em><\/a>\n\t<p><strong>CONDADE DE SARPY<\/strong><\/p>\n<strong>Heartland Family Services (HFS)<\/strong><br \/>\n302 American Parkway<br \/>\nPapillion, NE 68046<br \/>\n<em>24\/7 L\u00ednea directa:<\/em>\u00a0800-523-3666<br \/>\n<a href=\"https:\/\/heartlandfamilyservice.org\/housing-financial-stability\/domestic-violencesexual-assault\/\"><em>Website<\/em><\/a>\n\t<h2>\n\t\t\t\t\tDefensa del estudiante\/Campus\n\t\t\t\t<\/h2>\n\t\t\t<p>Estas universidades locales brindan servicios de <a href=\"https:\/\/sexualassaulthelp.org\/es\/preguntas-frecuentes-definiciones\/#definitions\">defensa<\/a> confidenciales a sus estudiantes. Comun\u00edquese con un\/a defensor\/a del campus para analizar sus <a href=\"https:\/\/sexualassaulthelp.org\/es\/opciones-de-informes\/\">opciones de informes<\/a>\u00a0y obtener informaci\u00f3n sobre los recursos.<\/p>\n\t<strong>University of Nebraska Omaha Defensores de v\u00edctimas \/ sobrevivientes <\/strong><br \/>\n<em>Tel\u00e9fono:<\/em>\u00a0402-554-2248<br \/>\n<a href=\"https:\/\/www.unomaha.edu\/student-life\/inclusion\/gender-and-sexuality-resource-center\/victim-survivor-resources\/advocates.php\"><em>Website<\/em><\/a>\n\t<strong>Metropolitan Community College<\/strong><br \/>\n<strong>Defensores de v\u00edctimas \/ sobrevivientes<\/strong><br \/>\n<em>Tel\u00e9fono:<\/em>\u00a0531-MCC-2223<br \/>\n<a href=\"https:\/\/www.mccneb.edu\/Current-Students\/Student-Tools-Resources\/Student-Advocacy-and-Accountability\/Title-IX\/Sexual-Assault-Awareness\/Victim-Survivor-Advocacy.aspx\"><em>Website<\/em><\/a>\n\t<strong>Creighton University&#8217;s Centro de Intervenci\u00f3n y Prevenci\u00f3n de la Violencia (VIP)<\/strong><br \/>\n<em>Tel\u00e9fono:<\/em>\u00a0402-280-3794<br \/>\n<a href=\"mailto:%20VIPcenter@creighton.edu\"><em>Email Confidencial<\/em><\/a><em>\u00a0\u00a0<\/em>|\u00a0\u00a0<a href=\"https:\/\/www.creighton.edu\/generalcounsel\/violenceinterventionandpreventioncenter\/\"><em>Website<\/em><\/a>\n\t<strong>Nebraska Wesleyan (en asociaci\u00f3n con WCA)<\/strong><br \/>\n<em>Llame o env\u00ede un mensaje de texto a la l\u00ednea directa de crisis las 24 horas:<br \/>\n<\/em>402-475-7273<br \/>\n<a href=\"mailto:%20advocate@nebraskawesleyan.edu\"><em>Email<\/em><\/a><em>\u00a0\u00a0<\/em>| \u00a0<a href=\"https:\/\/www.nebrwesleyan.edu\/inside-nwu\/sexual-misconduct-prevention\"><em>Website<\/em><\/a>\n\t<strong>College of Saint Mary (en asociaci\u00f3n con WCA)<\/strong><br \/>\n<em>24\/7 Tel\u00e9fono l\u00ednea directa o mensaje de texto:<\/em>402-345-7273<br \/>\n<a href=\"https:\/\/www.csm.edu\/student-life\/student-support\/title-ix\"><em>Website<\/em><\/a>\n\t<p><strong>Los estudiantes de todos los dem\u00e1s colegios y universidades locales deben comunicarse con a\u00a0<\/strong><a href=\"https:\/\/sexualassaulthelp.org\/es\/donde-puede-buscar-ayuda\/#localadvocacy\"><strong>programa de defensa local<\/strong><\/a> <strong>para obtener apoyo confidencial. Si desea denunciar su agresi\u00f3n a su colegio o universidad, comun\u00edquese con el coordinador del T\u00edtulo IX de su instituci\u00f3n o con la oficina del T\u00edtulo IX.<\/strong><\/p>\n\t<h2>\n\t\t\t\t\tDefensa Nacional\n\t\t\t\t<\/h2>\n\t\t\t<p>Tambi\u00e9n hay organizaciones nacionales a las que cualquiera puede comunicarse para obtener ayuda confidencial, <strong>especialmente si desea conversar en l\u00ednea con un\/a defensor\/a confidencial.<\/strong><\/p>\n\t<p><a href=\"https:\/\/www.rainn.org\/es\"><strong>RAINN (Red Nacional de Violaci\u00f3n, Abuso e Incesto)<\/strong><\/a><\/p>\n<ul>\n<li>Llame a la l\u00ednea directa nacional de agresi\u00f3n sexual las 24 horas del d\u00eda, los 7 d\u00edas de la semana al 800-656-4673 para hablar con un defensor de una agencia local de servicios de violencia sexual.<\/li>\n<li><a href=\"https:\/\/hotline.rainn.org\/es\"><strong>Chatea con un\/a defensor\/a en l\u00ednea<\/strong><\/a><\/li>\n<\/ul>\n\t<h2>\n\t\t\t\t\tM\u00e9dica\n\t\t\t\t<\/h2>\n\t\t\t<p>Todos los centros m\u00e9dicos que se enumeran a continuaci\u00f3n pueden brindarle la atenci\u00f3n y el tratamiento que pueda necesitar despu\u00e9s de una agresi\u00f3n. <a href=\"https:\/\/sexualassaulthelp.org\/es\/preguntas-frecuentes-definiciones\/#definitions\">Un\/a enfermera\/o examinador de Agresi\u00f3n Sexual (SANE)<\/a>\u00a0del hospital le ofrecer\u00e1 un examen forense de agresi\u00f3n sexual para recopilar <a href=\"https:\/\/sexualassaulthelp.org\/es\/preguntas-frecuentes-definiciones\/#definitions\">Pruebas de ADN<\/a>, as\u00ed como para la prevenci\u00f3n de infecciones de transmisi\u00f3n sexual (ITS), prevenci\u00f3n del VIH, anticoncepci\u00f3n de emergencia y evaluaci\u00f3n y tratamiento de lesiones.<\/p>\n\t<h5>\n\t\t\t\t\tCONDADO DE DOUGLAS\n\t\t\t\t<\/h5>\n\t<strong>CHI Health Departamento de Emergencia<\/strong><br \/>\n<strong>(CUMC &#8211; Bergan Mercy)<\/strong><br \/>\n7500 Mercy Road<br \/>\nOmaha, NE 68124<br \/>\n<em>Tel\u00e9fono:<\/em>\u00a0402-398-6161\n\t<strong>CHI Health Departamento de Emergencia<\/strong><br \/>\n<strong>(University Campus)<\/strong><br \/>\n2412 Cuming Street<br \/>\nOmaha, NE 68131<br \/>\n<em>Tel\u00e9fono:<\/em>\u00a0402-499-4590\n\t<strong>CHI Health Departamento de Emergencia<\/strong><br \/>\n<strong>(Immanuel)<\/strong><br \/>\n6901 N 72nd Street<br \/>\nOmaha, NE 68122<br \/>\n<em>Tel\u00e9fono:\u00a0<\/em>402-572-2121\n\t<strong>CHI Health Departamento de Emergencia<\/strong><br \/>\n<strong>(Lakeside)<\/strong><br \/>\n16901 Lakeside Hills Court<br \/>\nOmaha, NE 68130<br \/>\n<em>Tel\u00e9fono:<\/em>\u00a0402-717-8111\n\t<strong>Methodist Hospital<\/strong><br \/>\n8303 Dodge Street<br \/>\nOmaha, NE 68114<br \/>\n<em>Tel\u00e9fono:<\/em>\u00a0402-354-4424<br \/>\n<a href=\"https:\/\/www.bestcare.org\/womens-hospital\/services\/sexual-assault-and-domestic-violence\/about-the-program\/\"><em>Website<\/em><\/a>\n\t<strong>Methodist Women&#8217;s Hospital<\/strong><br \/>\n707 N. 190th Plaza<br \/>\nOmaha, NE 68022<br \/>\n<em>Tel\u00e9fono:<\/em>\u00a0402-815-4424<br \/>\n<a href=\"https:\/\/www.bestcare.org\/womens-hospital\/services\/sexual-assault-and-domestic-violence\/about-the-program\/\"><em>Website<\/em><\/a>\n\t<strong>Nebraska Medicine<\/strong><br \/>\n4350 Dewey Avenue<br \/>\nOmaha, NE 68105<br \/>\n<em>Tel\u00e9fono:<\/em>\u00a0402-559-6637\n\t<h5>\n\t\t\t\t\tCONDADO DE SARPY\n\t\t\t\t<\/h5>\n\t<strong>CHI Health Departamento de Emergencia<\/strong><br \/>\n<strong>(Midlands)<\/strong><br \/>\n11111 S 84th Street<br \/>\nPapillion, NE 68046<br \/>\n<em>Tel\u00e9fono:<\/em>\u00a0402-559-3000\n\t<h2>\n\t\t\t\t\tDefensa Militar\n\t\t\t\t<\/h2>\n\t<p>Los programas militares tienen su propio proceso de denuncia an\u00f3nima llamada denuncia restringida. Tambi\u00e9n tienen un proceso para informes completos llamado informes sin restricciones. Para obtener m\u00e1s informaci\u00f3n o participar en cualquiera de estas opciones de denuncia, comun\u00edquese con un\/a defensor\/a militar confidencial.<\/p>\n<p><strong>Offutt AFB Programa de respuesta y prevenci\u00f3n de agresiones sexuales<\/strong><\/p>\n<ul>\n<li><strong>L\u00ednea directa 24 horas al d\u00eda, 7 d\u00edas a la semana:<\/strong>402-232-9999<br \/>\n<a href=\"https:\/\/www.offutt.af.mil\/Resources\/SAPR\/\">Website<\/a><\/li>\n<li><strong>L\u00ednea de ayuda segura del Departamento de Defensa las 24 horas del d\u00eda, los 7 d\u00edas de la semana: <\/strong>877-995-5247<br \/>\n<a href=\"https:\/\/safehelpline.org\/\">Website<\/a><\/li>\n<\/ul>\n\t<h2>\n\t\t\t\t\t\u00bfNo est\u00e1s en el condado de Douglas o Sarpy?\n\t\t\t\t<\/h2>\n\t<p>Los recursos y servicios est\u00e1n disponibles para usted.<\/p>\n<ul>\n<li><a href=\"https:\/\/www.nebraskacoalition.org\/get_help\/\">Listado de programas de Nebraska<\/a><\/li>\n<li><a href=\"https:\/\/www.iowacasa.org\/get-help\">Programas de servicios para v\u00edctimas de Iowa<\/a><\/li>\n<\/ul>\n\t<h2>\n\t\t\t\t\t\u00bfQue sigue?\n\t\t\t\t<\/h2>\n\t\t\t<p>Hay servicios de seguimiento y opciones de atenci\u00f3n m\u00e9dica adicionales disponibles para usted.<\/p>\n\t\t\t<a href=\"https:\/\/sexualassaulthelp.org\/es\/que-sigue-despues-de-informar\/\" target=\"_self\" role=\"button\" rel=\"noopener\">\n\t\t\t\t\t\tAPRENDE M\u00c1S\n\t\t<\/a>\n\n","protected":false},"excerpt":{"rendered":"<p>\u00bfD\u00f3nde puede buscar ayuda? Un asterisco (*) indica que los servicios est\u00e1n disponibles en espa\u00f1ol. Defensa Local* APRENDE M\u00c1S Estudiante\/Defensa del Campus APRENDE M\u00c1S M\u00e9dica* APRENDE M\u00c1S Defensa Nacional* APRENDE M\u00c1S Defensa Militar APRENDE M\u00c1S Programas estatales APRENDE M\u00c1S Defensa Local Los defensores pueden proporcionar a las v\u00edctimas informaci\u00f3n, apoyo emocional y referencias a otros [&hellip;]<\/p>\n","protected":false},"author":175697080,"featured_media":0,"parent":0,"menu_order":0,"comment_status":"closed","ping_status":"closed","template":"","meta":{"_coblocks_attr":"","_coblocks_dimensions":"","_coblocks_responsive_height":"","_coblocks_accordion_ie_support":"","_monsterinsights_skip_tracking":false,"_monsterinsights_sitenote_active":false,"_monsterinsights_sitenote_note":"","_monsterinsights_sitenote_category":0,"site-sidebar-layout":"no-sidebar","site-content-layout":"page-builder","ast-site-content-layout":"full-width-container","site-content-style":"unboxed","site-sidebar-style":"unboxed","ast-global-header-display":"","ast-banner-title-visibility":"","ast-main-header-display":"","ast-hfb-above-header-display":"","ast-hfb-below-header-display":"","ast-hfb-mobile-header-display":"","site-post-title":"disabled","ast-breadcrumbs-content":"","ast-featured-img":"disabled","footer-sml-layout":"","theme-transparent-header-meta":"default","adv-header-id-meta":"","stick-header-meta":"","header-above-stick-meta":"","header-main-stick-meta":"","header-below-stick-meta":"","astra-migrate-meta-layouts":"default","ast-page-background-enabled":"default","ast-page-background-meta":{"desktop":{"background-color":"","background-image":"","background-repeat":"repeat","background-position":"center center","background-size":"auto","background-attachment":"scroll","background-type":"","background-media":"","overlay-type":"","overlay-color":"","overlay-gradient":""},"tablet":{"background-color":"","background-image":"","background-repeat":"repeat","background-position":"center center","background-size":"auto","background-attachment":"scroll","background-type":"","background-media":"","overlay-type":"","overlay-color":"","overlay-gradient":""},"mobile":{"background-color":"","background-image":"","background-repeat":"repeat","background-position":"center center","background-size":"auto","background-attachment":"scroll","background-type":"","background-media":"","overlay-type":"","overlay-color":"","overlay-gradient":""}},"ast-content-background-meta":{"desktop":{"background-color":"var(--ast-global-color-5)","background-image":"","background-repeat":"repeat","background-position":"center center","background-size":"auto","background-attachment":"scroll","background-type":"","background-media":"","overlay-type":"","overlay-color":"","overlay-gradient":""},"tablet":{"background-color":"var(--ast-global-color-5)","background-image":"","background-repeat":"repeat","background-position":"center center","background-size":"auto","background-attachment":"scroll","background-type":"","background-media":"","overlay-type":"","overlay-color":"","overlay-gradient":""},"mobile":{"background-color":"var(--ast-global-color-5)","background-image":"","background-repeat":"repeat","background-position":"center center","background-size":"auto","background-attachment":"scroll","background-type":"","background-media":"","overlay-type":"","overlay-color":"","overlay-gradient":""}},"jetpack_post_was_ever_published":false,"footnotes":""},"class_list":["post-983","page","type-page","status-publish","hentry"],"yoast_head":"<!-- This site is optimized with the Yoast SEO plugin v27.1.1 - https:\/\/yoast.com\/product\/yoast-seo-wordpress\/ -->\n<title>\u00bfD\u00f3nde puede buscar ayuda?<\/title>\n<meta name=\"description\" content=\"\u00bfD\u00f3nde puede buscar ayuda despu\u00e9s de una agresi\u00f3n sexual? Hay defensa local, ayuda m\u00e9dica, ayuda estudiantil, defensa militar y programas estatales disponibles.\" \/>\n<meta name=\"robots\" content=\"index, follow, max-snippet:-1, max-image-preview:large, max-video-preview:-1\" \/>\n<link rel=\"canonical\" href=\"https:\/\/sexualassaulthelp.org\/es\/donde-puede-buscar-ayuda\/\" \/>\n<meta property=\"og:locale\" content=\"es_ES\" \/>\n<meta property=\"og:type\" content=\"article\" \/>\n<meta property=\"og:title\" content=\"\u00bfD\u00f3nde puede buscar ayuda?\" \/>\n<meta property=\"og:description\" content=\"\u00bfD\u00f3nde puede buscar ayuda despu\u00e9s de una agresi\u00f3n sexual? Hay defensa local, ayuda m\u00e9dica, ayuda estudiantil, defensa militar y programas estatales disponibles.\" \/>\n<meta property=\"og:url\" content=\"https:\/\/sexualassaulthelp.org\/es\/donde-puede-buscar-ayuda\/\" \/>\n<meta property=\"og:site_name\" content=\"Sexual Assault Help\" \/>\n<meta property=\"article:modified_time\" content=\"2022-03-03T20:23:14+00:00\" \/>\n<meta property=\"og:image\" content=\"https:\/\/sexualassaulthelp.org\/wp-content\/uploads\/2020\/03\/iStock-535518453.jpg\" \/>\n<meta name=\"twitter:card\" content=\"summary_large_image\" \/>\n<meta name=\"twitter:label1\" content=\"Tiempo de lectura\" \/>\n\t<meta name=\"twitter:data1\" content=\"4 minutos\" \/>\n<script type=\"application\/ld+json\" class=\"yoast-schema-graph\">{\"@context\":\"https:\/\/schema.org\",\"@graph\":[{\"@type\":\"WebPage\",\"@id\":\"https:\/\/sexualassaulthelp.org\/es\/donde-puede-buscar-ayuda\/\",\"url\":\"https:\/\/sexualassaulthelp.org\/es\/donde-puede-buscar-ayuda\/\",\"name\":\"\u00bfD\u00f3nde puede buscar ayuda?\",\"isPartOf\":{\"@id\":\"https:\/\/sexualassaulthelp.org\/#website\"},\"primaryImageOfPage\":{\"@id\":\"https:\/\/sexualassaulthelp.org\/es\/donde-puede-buscar-ayuda\/#primaryimage\"},\"image\":{\"@id\":\"https:\/\/sexualassaulthelp.org\/es\/donde-puede-buscar-ayuda\/#primaryimage\"},\"thumbnailUrl\":\"https:\/\/sexualassaulthelp.org\/wp-content\/uploads\/2020\/03\/iStock-535518453.jpg\",\"datePublished\":\"2021-08-25T19:09:58+00:00\",\"dateModified\":\"2022-03-03T20:23:14+00:00\",\"description\":\"\u00bfD\u00f3nde puede buscar ayuda despu\u00e9s de una agresi\u00f3n sexual? Hay defensa local, ayuda m\u00e9dica, ayuda estudiantil, defensa militar y programas estatales disponibles.\",\"breadcrumb\":{\"@id\":\"https:\/\/sexualassaulthelp.org\/es\/donde-puede-buscar-ayuda\/#breadcrumb\"},\"inLanguage\":\"es\",\"potentialAction\":[{\"@type\":\"ReadAction\",\"target\":[\"https:\/\/sexualassaulthelp.org\/es\/donde-puede-buscar-ayuda\/\"]}]},{\"@type\":\"ImageObject\",\"inLanguage\":\"es\",\"@id\":\"https:\/\/sexualassaulthelp.org\/es\/donde-puede-buscar-ayuda\/#primaryimage\",\"url\":\"https:\/\/sexualassaulthelp.org\/wp-content\/uploads\/2020\/03\/iStock-535518453.jpg\",\"contentUrl\":\"https:\/\/sexualassaulthelp.org\/wp-content\/uploads\/2020\/03\/iStock-535518453.jpg\"},{\"@type\":\"BreadcrumbList\",\"@id\":\"https:\/\/sexualassaulthelp.org\/es\/donde-puede-buscar-ayuda\/#breadcrumb\",\"itemListElement\":[{\"@type\":\"ListItem\",\"position\":1,\"name\":\"Home\",\"item\":\"https:\/\/sexualassaulthelp.org\/es\/\"},{\"@type\":\"ListItem\",\"position\":2,\"name\":\"\u00bfD\u00f3nde puede buscar ayuda?\"}]},{\"@type\":\"WebSite\",\"@id\":\"https:\/\/sexualassaulthelp.org\/#website\",\"url\":\"https:\/\/sexualassaulthelp.org\/\",\"name\":\"Sexual Assault Help\",\"description\":\"\",\"publisher\":{\"@id\":\"https:\/\/sexualassaulthelp.org\/#organization\"},\"potentialAction\":[{\"@type\":\"SearchAction\",\"target\":{\"@type\":\"EntryPoint\",\"urlTemplate\":\"https:\/\/sexualassaulthelp.org\/?s={search_term_string}\"},\"query-input\":{\"@type\":\"PropertyValueSpecification\",\"valueRequired\":true,\"valueName\":\"search_term_string\"}}],\"inLanguage\":\"es\"},{\"@type\":\"Organization\",\"@id\":\"https:\/\/sexualassaulthelp.org\/#organization\",\"name\":\"Sexual Assault Help\",\"url\":\"https:\/\/sexualassaulthelp.org\/\",\"logo\":{\"@type\":\"ImageObject\",\"inLanguage\":\"es\",\"@id\":\"https:\/\/sexualassaulthelp.org\/#\/schema\/logo\/image\/\",\"url\":\"https:\/\/i0.wp.com\/sexualassaulthelp.org\/wp-content\/uploads\/2020\/03\/SexualAssaultHelp_TRANSPARENT-RETINA-LOGO_360x124.png?fit=360%2C124&ssl=1\",\"contentUrl\":\"https:\/\/i0.wp.com\/sexualassaulthelp.org\/wp-content\/uploads\/2020\/03\/SexualAssaultHelp_TRANSPARENT-RETINA-LOGO_360x124.png?fit=360%2C124&ssl=1\",\"width\":360,\"height\":124,\"caption\":\"Sexual Assault Help\"},\"image\":{\"@id\":\"https:\/\/sexualassaulthelp.org\/#\/schema\/logo\/image\/\"}}]}<\/script>\n<!-- \/ Yoast SEO plugin. -->","yoast_head_json":{"title":"\u00bfD\u00f3nde puede buscar ayuda?","description":"\u00bfD\u00f3nde puede buscar ayuda despu\u00e9s de una agresi\u00f3n sexual? Hay defensa local, ayuda m\u00e9dica, ayuda estudiantil, defensa militar y programas estatales disponibles.","robots":{"index":"index","follow":"follow","max-snippet":"max-snippet:-1","max-image-preview":"max-image-preview:large","max-video-preview":"max-video-preview:-1"},"canonical":"https:\/\/sexualassaulthelp.org\/es\/donde-puede-buscar-ayuda\/","og_locale":"es_ES","og_type":"article","og_title":"\u00bfD\u00f3nde puede buscar ayuda?","og_description":"\u00bfD\u00f3nde puede buscar ayuda despu\u00e9s de una agresi\u00f3n sexual? Hay defensa local, ayuda m\u00e9dica, ayuda estudiantil, defensa militar y programas estatales disponibles.","og_url":"https:\/\/sexualassaulthelp.org\/es\/donde-puede-buscar-ayuda\/","og_site_name":"Sexual Assault Help","article_modified_time":"2022-03-03T20:23:14+00:00","og_image":[{"url":"https:\/\/sexualassaulthelp.org\/wp-content\/uploads\/2020\/03\/iStock-535518453.jpg","type":"","width":"","height":""}],"twitter_card":"summary_large_image","twitter_misc":{"Tiempo de lectura":"4 minutos"},"schema":{"@context":"https:\/\/schema.org","@graph":[{"@type":"WebPage","@id":"https:\/\/sexualassaulthelp.org\/es\/donde-puede-buscar-ayuda\/","url":"https:\/\/sexualassaulthelp.org\/es\/donde-puede-buscar-ayuda\/","name":"\u00bfD\u00f3nde puede buscar ayuda?","isPartOf":{"@id":"https:\/\/sexualassaulthelp.org\/#website"},"primaryImageOfPage":{"@id":"https:\/\/sexualassaulthelp.org\/es\/donde-puede-buscar-ayuda\/#primaryimage"},"image":{"@id":"https:\/\/sexualassaulthelp.org\/es\/donde-puede-buscar-ayuda\/#primaryimage"},"thumbnailUrl":"https:\/\/sexualassaulthelp.org\/wp-content\/uploads\/2020\/03\/iStock-535518453.jpg","datePublished":"2021-08-25T19:09:58+00:00","dateModified":"2022-03-03T20:23:14+00:00","description":"\u00bfD\u00f3nde puede buscar ayuda despu\u00e9s de una agresi\u00f3n sexual? Hay defensa local, ayuda m\u00e9dica, ayuda estudiantil, defensa militar y programas estatales disponibles.","breadcrumb":{"@id":"https:\/\/sexualassaulthelp.org\/es\/donde-puede-buscar-ayuda\/#breadcrumb"},"inLanguage":"es","potentialAction":[{"@type":"ReadAction","target":["https:\/\/sexualassaulthelp.org\/es\/donde-puede-buscar-ayuda\/"]}]},{"@type":"ImageObject","inLanguage":"es","@id":"https:\/\/sexualassaulthelp.org\/es\/donde-puede-buscar-ayuda\/#primaryimage","url":"https:\/\/sexualassaulthelp.org\/wp-content\/uploads\/2020\/03\/iStock-535518453.jpg","contentUrl":"https:\/\/sexualassaulthelp.org\/wp-content\/uploads\/2020\/03\/iStock-535518453.jpg"},{"@type":"BreadcrumbList","@id":"https:\/\/sexualassaulthelp.org\/es\/donde-puede-buscar-ayuda\/#breadcrumb","itemListElement":[{"@type":"ListItem","position":1,"name":"Home","item":"https:\/\/sexualassaulthelp.org\/es\/"},{"@type":"ListItem","position":2,"name":"\u00bfD\u00f3nde puede buscar ayuda?"}]},{"@type":"WebSite","@id":"https:\/\/sexualassaulthelp.org\/#website","url":"https:\/\/sexualassaulthelp.org\/","name":"Sexual Assault Help","description":"","publisher":{"@id":"https:\/\/sexualassaulthelp.org\/#organization"},"potentialAction":[{"@type":"SearchAction","target":{"@type":"EntryPoint","urlTemplate":"https:\/\/sexualassaulthelp.org\/?s={search_term_string}"},"query-input":{"@type":"PropertyValueSpecification","valueRequired":true,"valueName":"search_term_string"}}],"inLanguage":"es"},{"@type":"Organization","@id":"https:\/\/sexualassaulthelp.org\/#organization","name":"Sexual Assault Help","url":"https:\/\/sexualassaulthelp.org\/","logo":{"@type":"ImageObject","inLanguage":"es","@id":"https:\/\/sexualassaulthelp.org\/#\/schema\/logo\/image\/","url":"https:\/\/i0.wp.com\/sexualassaulthelp.org\/wp-content\/uploads\/2020\/03\/SexualAssaultHelp_TRANSPARENT-RETINA-LOGO_360x124.png?fit=360%2C124&ssl=1","contentUrl":"https:\/\/i0.wp.com\/sexualassaulthelp.org\/wp-content\/uploads\/2020\/03\/SexualAssaultHelp_TRANSPARENT-RETINA-LOGO_360x124.png?fit=360%2C124&ssl=1","width":360,"height":124,"caption":"Sexual Assault Help"},"image":{"@id":"https:\/\/sexualassaulthelp.org\/#\/schema\/logo\/image\/"}}]}},"jetpack_likes_enabled":true,"jetpack_sharing_enabled":true,"jetpack_shortlink":"https:\/\/wp.me\/Pbujln-fR","_links":{"self":[{"href":"https:\/\/sexualassaulthelp.org\/es\/wp-json\/wp\/v2\/pages\/983","targetHints":{"allow":["GET"]}}],"collection":[{"href":"https:\/\/sexualassaulthelp.org\/es\/wp-json\/wp\/v2\/pages"}],"about":[{"href":"https:\/\/sexualassaulthelp.org\/es\/wp-json\/wp\/v2\/types\/page"}],"author":[{"embeddable":true,"href":"https:\/\/sexualassaulthelp.org\/es\/wp-json\/wp\/v2\/users\/175697080"}],"replies":[{"embeddable":true,"href":"https:\/\/sexualassaulthelp.org\/es\/wp-json\/wp\/v2\/comments?post=983"}],"version-history":[{"count":5,"href":"https:\/\/sexualassaulthelp.org\/es\/wp-json\/wp\/v2\/pages\/983\/revisions"}],"predecessor-version":[{"id":1121,"href":"https:\/\/sexualassaulthelp.org\/es\/wp-json\/wp\/v2\/pages\/983\/revisions\/1121"}],"wp:attachment":[{"href":"https:\/\/sexualassaulthelp.org\/es\/wp-json\/wp\/v2\/media?parent=983"}],"curies":[{"name":"wp","href":"https:\/\/api.w.org\/{rel}","templated":true}]}}