{"id":992,"date":"2021-08-25T20:29:37","date_gmt":"2021-08-25T20:29:37","guid":{"rendered":"https:\/\/sexualassaulthelp.org\/preguntas-frecuentes-definiciones\/"},"modified":"2022-04-22T17:06:36","modified_gmt":"2022-04-22T17:06:36","slug":"preguntas-frecuentes-definiciones","status":"publish","type":"page","link":"https:\/\/sexualassaulthelp.org\/es\/preguntas-frecuentes-definiciones\/","title":{"rendered":"Preguntas frecuentes + Definiciones"},"content":{"rendered":"\n\n\t<h1>\n\t\t\t\t\tPreguntas frecuentes + Definiciones\n\t\t\t\t<\/h1>\n\t<h5><strong>\u00bfQu\u00e9 hago si alguien que me importa fue agredido sexualmente?<\/strong><\/h5>\n<p>No siempre es f\u00e1cil saber qu\u00e9 decir cuando alguien te dice que ha sido agredido sexualmente, especialmente cuando esa persona es un miembro de la familia, un amigo o un ser querido.\u00a0<a href=\"https:\/\/rainn.org\/articles\/ayudele-ese-ser-querido\">Aprende M\u00e1s<\/a><\/p>\n\t<h5><strong>\u00bfC\u00f3mo hablo con una pareja rom\u00e1ntica sobre la agresi\u00f3n sexual?<\/strong><\/h5>\n<p>Hablar con una pareja rom\u00e1ntica sobre la agresi\u00f3n sexual puede ser dif\u00edcil, ya sea que la agresi\u00f3n haya sucedido recientemente o hace d\u00e9cadas, y cuando acaban de empezar a salir o han estado juntos durante muchos a\u00f1os. <a href=\"https:\/\/www.rainn.org\/articles\/telling-loved-ones-about-sexual-assault\">Aprende m\u00e1s<\/a><\/p>\n\t<p><strong>\u00bfCu\u00e1les son mis derechos como sobreviviente?<\/strong><\/p>\n<p>La <u><a href=\"https:\/\/nebraskalegislature.gov\/laws\/statutes.php?statute=81-1848\">Ley de Derechos de las V\u00edctimas de Agresi\u00f3n Sexual<\/a><\/u> y <a href=\"https:\/\/nebraskalegislature.gov\/laws\/statutes.php?statute=81-1848\">los Derechos de las V\u00edctimas del Crimen<\/a> ofrecen a los sobrevivientes derechos espec\u00edficos durante el proceso de examen m\u00e9dico, la recopilaci\u00f3n de pruebas forenses, durante las entrevistas y declaraciones, y en los tribunales. Los sobrevivientes tienen estos derechos incluso si deciden no participar en el proceso legal penal. <strong><u><a href=\"https:\/\/sexualassaulthelp.org\/wp-content\/uploads\/2022\/04\/Survivor-Bill-of-Rights-Explainer_SPANISH.pdf\">Para obtener m\u00e1s informaci\u00f3n vea nuestro Explicador de la Declaraci\u00f3n de derechos de los sobrevivientes.<\/a><\/u><\/strong><\/p>\n\t<h5><strong>\u00bfC\u00f3mo manejo una reacci\u00f3n de falta de apoyo de un ser querido?<\/strong><\/h5>\n<p>Es posible que la persona a la que le haya dicho no le est\u00e9 brindando el apoyo que necesita, pero recuerde que no est\u00e1 solo. Hay apoyo local y nacional para ti.\u00a0<a href=\"https:\/\/www.rainn.org\/articles\/telling-loved-ones-about-sexual-assault\">Aprende m\u00e1s<\/a><\/p>\n\t<h5><strong>\u00bfC\u00f3mo le cuento a alguien sobre mi agresi\u00f3n?<\/strong><\/h5>\n<p>Hablar sobre la agresi\u00f3n sexual nunca es f\u00e1cil, pero si decide contarle a alguien sus experiencias, puede ser \u00fatil tener un plan sobre c\u00f3mo le gustar\u00eda hacerlo. <a href=\"https:\/\/www.rainn.org\/articles\/telling-loved-ones-about-sexual-assault\">Aprende m\u00e1s<\/a><\/p>\n\t<h3><strong>DEFINICI\u00d3N DE T\u00c9RMINOS<\/strong><\/h3>\n\t<ul>\n\t\t<li><h3>Defensor\/a<\/h3><p>Los defensores son profesionales capacitados que brindan apoyo confidencial a las v\u00edctimas de traumas. Los defensores pueden proporcionar a las v\u00edctimas informaci\u00f3n, apoyo emocional y referencias a otros recursos. Pueden guiarle a trav\u00e9s de los diversos sistemas que puede encontrar, incluido el sistema de justicia penal, el sistema legal, el sistema m\u00e9dico, el sistema de protecci\u00f3n y seguridad infantil y los servicios humanos y de salud. Los defensores tambi\u00e9n pueden denominarse defensores de v\u00edctimas, defensores confidenciales o proveedores de servicios para v\u00edctimas. Si elige un informe policial completo, es posible que otro tipo de Defensor\/a que trabaje para el programa de asistencia a las v\u00edctimas del condado se comunique con usted, a veces llamado coordinador de v\u00edctimas \/ testigos o especialista en v\u00edctimas \/ testigos. Este\/a Defensor\/a de la corte le proporcionar\u00e1 recursos y le ayudar\u00e1 a navegar el proceso de justicia penal, pero no es confidencial.<\/p><\/li><li><h3>Evidencia de ADN<\/h3>El ADN es el material que se encuentra en las c\u00e9lulas y que determina caracter\u00edsticas como el color de ojos, cabello y piel. El ADN de cada persona es diferente, a excepci\u00f3n de los gemelos id\u00e9nticos. Esto significa que el ADN se puede usar para identificar con precisi\u00f3n a un perpetrador, de manera similar a como usamos las huellas dactilares. La evidencia de ADN se puede recolectar de sangre, saliva, sudor, orina, tejido cut\u00e1neo y semen. Por eso es importante tratar de evitar ba\u00f1arse, limpiarse las u\u00f1as u orinar hasta despu\u00e9s de que se haya realizado un examen forense de agresi\u00f3n sexual.<\/li><li><h3>CODIS<\/h3>CODIS son las siglas de Combined DNA Index System. Es una base de datos estatal y nacional que contiene ADN de personas relacionadas con delitos. Si un laboratorio criminal\u00edstico encuentra el ADN de un delincuente cuando est\u00e1n procesando un kit de agresi\u00f3n sexual (SAK), normalmente se ingresar\u00e1 en CODIS.<\/li><li><h3>Consentimiento<\/h3>El consentimiento es un acuerdo entre los participantes para participar en actividades sexuales. Hay muchas formas de otorgar consentimiento y no es necesario que sea verbal. Puede dar su consentimiento comunic\u00e1ndose verbal o f\u00edsicamente, o una combinaci\u00f3n de ambos. Dar consentimiento para una actividad sexual no significa que consienta otros actos sexuales ni significa que consiente la misma actividad sexual en el futuro. Siempre puede retirar o revocar el consentimiento por cualquier motivo. No puede dar su consentimiento si fue forzado, recibi\u00f3 amenazas de uso de la fuerza o si lo obligaron a tener actividad sexual. No puede dar su consentimiento si estaba incapacitado debido a las drogas o el alcohol. No puede dar su consentimiento si es menor de 16 a\u00f1os en el estado de Nebraska.<\/li><li><h3>Confidencial<\/h3>Las agencias, defensores o servicios (por ejemplo, una l\u00ednea directa) identificados como confidenciales no pueden compartir ninguna informaci\u00f3n que un cliente les revele. Las excepciones a la confidencialidad son raras, pero generalmente incluyen situaciones en las que alguien amenaza con hacerse da\u00f1o a s\u00ed mismo o a otros.<\/li><li><h3>Examen forense de agresi\u00f3n sexual<\/h3>Un examen forense de agresi\u00f3n sexual es un examen m\u00e9dico realizado por un\/a enfermero\/a examinador de agresi\u00f3n sexual (SANE) para recopilar posibles pruebas de ADN u otras pruebas del cuerpo, la ropa y otras pertenencias personales de la v\u00edctima despu\u00e9s de una agresi\u00f3n sexual. El examen le da a la v\u00edctima la opci\u00f3n de almacenar de manera segura evidencia de ADN u otra evidencia si alguna vez quiere denunciar el asalto a las fuerzas del orden y emprender acciones legales contra el perpetrador. El examen tambi\u00e9n incluye atenci\u00f3n y tratamiento m\u00e9dico adicional importante para la v\u00edctima, como atenci\u00f3n para infecciones de transmisi\u00f3n sexual, anticoncepci\u00f3n de emergencia para el embarazo y recursos de seguimiento.<\/li><li><h3>Kit de agresi\u00f3n sexual<\/h3>Un kit de agresi\u00f3n sexual (SAK), tambi\u00e9n conocido como kit de violaci\u00f3n, es una prueba recopilada por un SANE durante un examen forense de agresi\u00f3n sexual. Por lo general, incluye evidencia de las \u00e1reas del cuerpo de la v\u00edctima que fueron parte de la agresi\u00f3n sexual y que pueden tener el esperma, la saliva o el cabello del sospechoso. El kit tambi\u00e9n puede incluir ropa que llevaba la v\u00edctima y otros art\u00edculos.<\/li><li><h3>Enfermero\/a examinador de agresi\u00f3n sexual (SANE)<\/h3>Un\/a enfermero\/a examinador de agresi\u00f3n sexual (SANE) es un\/a enfermero\/a titulado\/a que ha recibido capacitaci\u00f3n especial para poder brindar atenci\u00f3n integral a las v\u00edctimas de agresi\u00f3n sexual. Adem\u00e1s, pueden realizar un examen forense de agresi\u00f3n sexual y pueden proporcionar testimonio de expertos si un caso llega a juicio.<\/li><li><h3>Infecci\u00f3n transmitida sexualmente (STI)<\/h3>Una infecci\u00f3n de transmisi\u00f3n sexual (ITS) es una infecci\u00f3n bacteriana o viral que se transmite de una persona a otra a trav\u00e9s del contacto vaginal, anal u oral. Las ITS se pueden transmitir tanto si este contacto fue consensuado como si no. Las ITS pueden infectar a una persona de cualquier edad o sexo. Aunque los signos pueden variar, cuando una ITS comienza a mostrar s\u00edntomas, se denomina enfermedad de transmisi\u00f3n sexual o ETS.<\/li>\t<\/ul>\n\t<h2>\n\t\t\t\t\tSoporte adicional\n\t\t\t\t<\/h2>\n\t\t\t<p>RAINN (La Red Nacional de Violaci\u00f3n, Abuso e Incesto) es la organizaci\u00f3n contra la violencia sexual m\u00e1s grande del pa\u00eds. Visite su sitio web para aprender m\u00e1s sobre recursos y soporte.<\/p>\n\t\t\t<a href=\"https:\/\/www.rainn.org\/es\" target=\"_blank\" role=\"button\" rel=\"noopener\">\n\t\t\t\t\t\tAPRENDE M\u00c1S\n\t\t<\/a>\n\n","protected":false},"excerpt":{"rendered":"<p>Preguntas frecuentes + Definiciones \u00bfQu\u00e9 hago si alguien que me importa fue agredido sexualmente? No siempre es f\u00e1cil saber qu\u00e9 decir cuando alguien te dice que ha sido agredido sexualmente, especialmente cuando esa persona es un miembro de la familia, un amigo o un ser querido.\u00a0Aprende M\u00e1s \u00bfC\u00f3mo hablo con una pareja rom\u00e1ntica sobre la [&hellip;]<\/p>\n","protected":false},"author":175697080,"featured_media":0,"parent":0,"menu_order":0,"comment_status":"closed","ping_status":"closed","template":"","meta":{"_coblocks_attr":"","_coblocks_dimensions":"","_coblocks_responsive_height":"","_coblocks_accordion_ie_support":"","_monsterinsights_skip_tracking":false,"_monsterinsights_sitenote_active":false,"_monsterinsights_sitenote_note":"","_monsterinsights_sitenote_category":0,"site-sidebar-layout":"no-sidebar","site-content-layout":"page-builder","ast-site-content-layout":"","site-content-style":"default","site-sidebar-style":"default","ast-global-header-display":"","ast-banner-title-visibility":"","ast-main-header-display":"","ast-hfb-above-header-display":"","ast-hfb-below-header-display":"","ast-hfb-mobile-header-display":"","site-post-title":"disabled","ast-breadcrumbs-content":"","ast-featured-img":"disabled","footer-sml-layout":"","theme-transparent-header-meta":"default","adv-header-id-meta":"","stick-header-meta":"","header-above-stick-meta":"","header-main-stick-meta":"","header-below-stick-meta":"","astra-migrate-meta-layouts":"default","ast-page-background-enabled":"default","ast-page-background-meta":{"desktop":{"background-color":"","background-image":"","background-repeat":"repeat","background-position":"center center","background-size":"auto","background-attachment":"scroll","background-type":"","background-media":"","overlay-type":"","overlay-color":"","overlay-gradient":""},"tablet":{"background-color":"","background-image":"","background-repeat":"repeat","background-position":"center center","background-size":"auto","background-attachment":"scroll","background-type":"","background-media":"","overlay-type":"","overlay-color":"","overlay-gradient":""},"mobile":{"background-color":"","background-image":"","background-repeat":"repeat","background-position":"center center","background-size":"auto","background-attachment":"scroll","background-type":"","background-media":"","overlay-type":"","overlay-color":"","overlay-gradient":""}},"ast-content-background-meta":{"desktop":{"background-color":"var(--ast-global-color-5)","background-image":"","background-repeat":"repeat","background-position":"center center","background-size":"auto","background-attachment":"scroll","background-type":"","background-media":"","overlay-type":"","overlay-color":"","overlay-gradient":""},"tablet":{"background-color":"var(--ast-global-color-5)","background-image":"","background-repeat":"repeat","background-position":"center center","background-size":"auto","background-attachment":"scroll","background-type":"","background-media":"","overlay-type":"","overlay-color":"","overlay-gradient":""},"mobile":{"background-color":"var(--ast-global-color-5)","background-image":"","background-repeat":"repeat","background-position":"center center","background-size":"auto","background-attachment":"scroll","background-type":"","background-media":"","overlay-type":"","overlay-color":"","overlay-gradient":""}},"footnotes":""},"class_list":["post-992","page","type-page","status-publish","hentry"],"yoast_head":"<!-- This site is optimized with the Yoast SEO plugin v27.4 - https:\/\/yoast.com\/product\/yoast-seo-wordpress\/ -->\n<title>Preguntas frecuentes + Definiciones - Sexual Assault Help<\/title>\n<meta name=\"description\" content=\"\u00bfQu\u00e9 sigue despu\u00e9s de denunciar una agresi\u00f3n sexual? Si decide cambiar a un informe policial completo en un momento posterior, tiene algunas diferentes opciones.\" \/>\n<meta name=\"robots\" content=\"index, follow, max-snippet:-1, max-image-preview:large, max-video-preview:-1\" \/>\n<link rel=\"canonical\" href=\"https:\/\/sexualassaulthelp.org\/es\/preguntas-frecuentes-definiciones\/\" \/>\n<meta property=\"og:locale\" content=\"es_ES\" \/>\n<meta property=\"og:type\" content=\"article\" \/>\n<meta property=\"og:title\" content=\"Preguntas frecuentes + Definiciones - Sexual Assault Help\" \/>\n<meta property=\"og:description\" content=\"\u00bfQu\u00e9 sigue despu\u00e9s de denunciar una agresi\u00f3n sexual? Si decide cambiar a un informe policial completo en un momento posterior, tiene algunas diferentes opciones.\" \/>\n<meta property=\"og:url\" content=\"https:\/\/sexualassaulthelp.org\/es\/preguntas-frecuentes-definiciones\/\" \/>\n<meta property=\"og:site_name\" content=\"Sexual Assault Help\" \/>\n<meta property=\"article:modified_time\" content=\"2022-04-22T17:06:36+00:00\" \/>\n<meta name=\"twitter:card\" content=\"summary_large_image\" \/>\n<meta name=\"twitter:label1\" content=\"Tiempo de lectura\" \/>\n\t<meta name=\"twitter:data1\" content=\"6 minutos\" \/>\n<script type=\"application\/ld+json\" class=\"yoast-schema-graph\">{\"@context\":\"https:\\\/\\\/schema.org\",\"@graph\":[{\"@type\":\"WebPage\",\"@id\":\"https:\\\/\\\/sexualassaulthelp.org\\\/es\\\/preguntas-frecuentes-definiciones\\\/\",\"url\":\"https:\\\/\\\/sexualassaulthelp.org\\\/es\\\/preguntas-frecuentes-definiciones\\\/\",\"name\":\"Preguntas frecuentes + Definiciones - Sexual Assault Help\",\"isPartOf\":{\"@id\":\"https:\\\/\\\/sexualassaulthelp.org\\\/#website\"},\"datePublished\":\"2021-08-25T20:29:37+00:00\",\"dateModified\":\"2022-04-22T17:06:36+00:00\",\"description\":\"\u00bfQu\u00e9 sigue despu\u00e9s de denunciar una agresi\u00f3n sexual? Si decide cambiar a un informe policial completo en un momento posterior, tiene algunas diferentes opciones.\",\"breadcrumb\":{\"@id\":\"https:\\\/\\\/sexualassaulthelp.org\\\/es\\\/preguntas-frecuentes-definiciones\\\/#breadcrumb\"},\"inLanguage\":\"es\",\"potentialAction\":[{\"@type\":\"ReadAction\",\"target\":[\"https:\\\/\\\/sexualassaulthelp.org\\\/es\\\/preguntas-frecuentes-definiciones\\\/\"]}]},{\"@type\":\"BreadcrumbList\",\"@id\":\"https:\\\/\\\/sexualassaulthelp.org\\\/es\\\/preguntas-frecuentes-definiciones\\\/#breadcrumb\",\"itemListElement\":[{\"@type\":\"ListItem\",\"position\":1,\"name\":\"Home\",\"item\":\"https:\\\/\\\/sexualassaulthelp.org\\\/es\\\/\"},{\"@type\":\"ListItem\",\"position\":2,\"name\":\"Preguntas frecuentes + Definiciones\"}]},{\"@type\":\"WebSite\",\"@id\":\"https:\\\/\\\/sexualassaulthelp.org\\\/#website\",\"url\":\"https:\\\/\\\/sexualassaulthelp.org\\\/\",\"name\":\"Sexual Assault Help\",\"description\":\"\",\"publisher\":{\"@id\":\"https:\\\/\\\/sexualassaulthelp.org\\\/#organization\"},\"potentialAction\":[{\"@type\":\"SearchAction\",\"target\":{\"@type\":\"EntryPoint\",\"urlTemplate\":\"https:\\\/\\\/sexualassaulthelp.org\\\/?s={search_term_string}\"},\"query-input\":{\"@type\":\"PropertyValueSpecification\",\"valueRequired\":true,\"valueName\":\"search_term_string\"}}],\"inLanguage\":\"es\"},{\"@type\":\"Organization\",\"@id\":\"https:\\\/\\\/sexualassaulthelp.org\\\/#organization\",\"name\":\"Sexual Assault Help\",\"url\":\"https:\\\/\\\/sexualassaulthelp.org\\\/\",\"logo\":{\"@type\":\"ImageObject\",\"inLanguage\":\"es\",\"@id\":\"https:\\\/\\\/sexualassaulthelp.org\\\/#\\\/schema\\\/logo\\\/image\\\/\",\"url\":\"https:\\\/\\\/i0.wp.com\\\/sexualassaulthelp.org\\\/wp-content\\\/uploads\\\/2020\\\/03\\\/SexualAssaultHelp_TRANSPARENT-RETINA-LOGO_360x124.png?fit=360%2C124&ssl=1\",\"contentUrl\":\"https:\\\/\\\/i0.wp.com\\\/sexualassaulthelp.org\\\/wp-content\\\/uploads\\\/2020\\\/03\\\/SexualAssaultHelp_TRANSPARENT-RETINA-LOGO_360x124.png?fit=360%2C124&ssl=1\",\"width\":360,\"height\":124,\"caption\":\"Sexual Assault Help\"},\"image\":{\"@id\":\"https:\\\/\\\/sexualassaulthelp.org\\\/#\\\/schema\\\/logo\\\/image\\\/\"}}]}<\/script>\n<!-- \/ Yoast SEO plugin. -->","yoast_head_json":{"title":"Preguntas frecuentes + Definiciones - Sexual Assault Help","description":"\u00bfQu\u00e9 sigue despu\u00e9s de denunciar una agresi\u00f3n sexual? Si decide cambiar a un informe policial completo en un momento posterior, tiene algunas diferentes opciones.","robots":{"index":"index","follow":"follow","max-snippet":"max-snippet:-1","max-image-preview":"max-image-preview:large","max-video-preview":"max-video-preview:-1"},"canonical":"https:\/\/sexualassaulthelp.org\/es\/preguntas-frecuentes-definiciones\/","og_locale":"es_ES","og_type":"article","og_title":"Preguntas frecuentes + Definiciones - Sexual Assault Help","og_description":"\u00bfQu\u00e9 sigue despu\u00e9s de denunciar una agresi\u00f3n sexual? Si decide cambiar a un informe policial completo en un momento posterior, tiene algunas diferentes opciones.","og_url":"https:\/\/sexualassaulthelp.org\/es\/preguntas-frecuentes-definiciones\/","og_site_name":"Sexual Assault Help","article_modified_time":"2022-04-22T17:06:36+00:00","twitter_card":"summary_large_image","twitter_misc":{"Tiempo de lectura":"6 minutos"},"schema":{"@context":"https:\/\/schema.org","@graph":[{"@type":"WebPage","@id":"https:\/\/sexualassaulthelp.org\/es\/preguntas-frecuentes-definiciones\/","url":"https:\/\/sexualassaulthelp.org\/es\/preguntas-frecuentes-definiciones\/","name":"Preguntas frecuentes + Definiciones - Sexual Assault Help","isPartOf":{"@id":"https:\/\/sexualassaulthelp.org\/#website"},"datePublished":"2021-08-25T20:29:37+00:00","dateModified":"2022-04-22T17:06:36+00:00","description":"\u00bfQu\u00e9 sigue despu\u00e9s de denunciar una agresi\u00f3n sexual? Si decide cambiar a un informe policial completo en un momento posterior, tiene algunas diferentes opciones.","breadcrumb":{"@id":"https:\/\/sexualassaulthelp.org\/es\/preguntas-frecuentes-definiciones\/#breadcrumb"},"inLanguage":"es","potentialAction":[{"@type":"ReadAction","target":["https:\/\/sexualassaulthelp.org\/es\/preguntas-frecuentes-definiciones\/"]}]},{"@type":"BreadcrumbList","@id":"https:\/\/sexualassaulthelp.org\/es\/preguntas-frecuentes-definiciones\/#breadcrumb","itemListElement":[{"@type":"ListItem","position":1,"name":"Home","item":"https:\/\/sexualassaulthelp.org\/es\/"},{"@type":"ListItem","position":2,"name":"Preguntas frecuentes + Definiciones"}]},{"@type":"WebSite","@id":"https:\/\/sexualassaulthelp.org\/#website","url":"https:\/\/sexualassaulthelp.org\/","name":"Sexual Assault Help","description":"","publisher":{"@id":"https:\/\/sexualassaulthelp.org\/#organization"},"potentialAction":[{"@type":"SearchAction","target":{"@type":"EntryPoint","urlTemplate":"https:\/\/sexualassaulthelp.org\/?s={search_term_string}"},"query-input":{"@type":"PropertyValueSpecification","valueRequired":true,"valueName":"search_term_string"}}],"inLanguage":"es"},{"@type":"Organization","@id":"https:\/\/sexualassaulthelp.org\/#organization","name":"Sexual Assault Help","url":"https:\/\/sexualassaulthelp.org\/","logo":{"@type":"ImageObject","inLanguage":"es","@id":"https:\/\/sexualassaulthelp.org\/#\/schema\/logo\/image\/","url":"https:\/\/i0.wp.com\/sexualassaulthelp.org\/wp-content\/uploads\/2020\/03\/SexualAssaultHelp_TRANSPARENT-RETINA-LOGO_360x124.png?fit=360%2C124&ssl=1","contentUrl":"https:\/\/i0.wp.com\/sexualassaulthelp.org\/wp-content\/uploads\/2020\/03\/SexualAssaultHelp_TRANSPARENT-RETINA-LOGO_360x124.png?fit=360%2C124&ssl=1","width":360,"height":124,"caption":"Sexual Assault Help"},"image":{"@id":"https:\/\/sexualassaulthelp.org\/#\/schema\/logo\/image\/"}}]}},"jetpack_likes_enabled":true,"jetpack_sharing_enabled":true,"jetpack_shortlink":"https:\/\/wp.me\/Pbujln-g0","_links":{"self":[{"href":"https:\/\/sexualassaulthelp.org\/es\/wp-json\/wp\/v2\/pages\/992","targetHints":{"allow":["GET"]}}],"collection":[{"href":"https:\/\/sexualassaulthelp.org\/es\/wp-json\/wp\/v2\/pages"}],"about":[{"href":"https:\/\/sexualassaulthelp.org\/es\/wp-json\/wp\/v2\/types\/page"}],"author":[{"embeddable":true,"href":"https:\/\/sexualassaulthelp.org\/es\/wp-json\/wp\/v2\/users\/175697080"}],"replies":[{"embeddable":true,"href":"https:\/\/sexualassaulthelp.org\/es\/wp-json\/wp\/v2\/comments?post=992"}],"version-history":[{"count":3,"href":"https:\/\/sexualassaulthelp.org\/es\/wp-json\/wp\/v2\/pages\/992\/revisions"}],"predecessor-version":[{"id":1171,"href":"https:\/\/sexualassaulthelp.org\/es\/wp-json\/wp\/v2\/pages\/992\/revisions\/1171"}],"wp:attachment":[{"href":"https:\/\/sexualassaulthelp.org\/es\/wp-json\/wp\/v2\/media?parent=992"}],"curies":[{"name":"wp","href":"https:\/\/api.w.org\/{rel}","templated":true}]}}